{"id":1194,"date":"2020-11-20T14:56:45","date_gmt":"2020-11-20T12:56:45","guid":{"rendered":"https:\/\/potting-ponjave.si\/?page_id=1194"},"modified":"2020-11-20T20:00:32","modified_gmt":"2020-11-20T18:00:32","slug":"covered-buildings","status":"publish","type":"page","link":"https:\/\/potting-ponjave.si\/en\/covered-buildings\/","title":{"rendered":"Covered buildings"},"content":{"rendered":"\n\t<h1>COVERED BUILDINGS<\/h1>\n\t<p>We offer complete solutions in the field of technical textiles. We follow \u00a0you from the idea to the final implementation.<\/p>\n<p>Tarpaulins or technical textile products are mainly used for protection against various weather influences, protection against dust, for visual and acoustic barriers, wind protection, partitions and various transport packaging.<\/p>\n<p>We work with various suppliers of\u00a0 PVC canvas. Only in this way can we offer a customer the best\u00a0 product from\u00a0 the\u00a0 most suitable material, so that the product \u00a0best serves its purpose.<\/p>\n<p>A special segment in industrial construction are quickly assembled demountable structures. Storage tents are becoming increasingly desirable, as they are much more affordable than conventional constructions. In addition, they \u00a0can be easily expanded in the case \u00a0of a greater need for covered space.<\/p>\n<p>We have all the necessary knowledge and technology to meet the needs and\u00a0 requirements of\u00a0 larger and more demanding customers professionally<\/p>\n\t\t\t\t<a\n\t\t\thref=\"https:\/\/potting-ponjave.si\/wp-content\/uploads\/2020\/11\/different-types-of-salt-storage-domes-3.jpg\"\n\t\t\t\t\t\tdata-fancybox=\"images\" \n\t\t\ttitle=\"different-types-of-salt-storage-domes\" \n\t\t\t\t\t\tdata-caption=\"\"\n\t\t\t\t\t\tdata-description=\"\" \n\t\t\titemprop=\"contentUrl\"\n\t\t>\n\t\t<img src=\"https:\/\/potting-ponjave.si\/wp-content\/uploads\/2020\/11\/different-types-of-salt-storage-domes-3.jpg\" alt=\"\" data-no-lazy=\"1\" itemprop=\"thumbnail\" \/>\n\t\t\t<!-- Overlay Wrapper -->\n\t\t\t <!-- Overlay Wrapper Closed -->\n\t\t\t\t<\/a>\n\t\t\t\t\t\t\t<meta itemprop=\"width\" content=\"632\" \/>\n\t\t\t<meta itemprop=\"height\" content=\"416\" \/>\n\t\t\t\t<a\n\t\t\thref=\"https:\/\/potting-ponjave.si\/wp-content\/uploads\/2020\/11\/fabric-covered-buildings-2.jpg\"\n\t\t\t\t\t\tdata-fancybox=\"images\" \n\t\t\ttitle=\"fabric covered buildings\" \n\t\t\t\t\t\tdata-caption=\"\"\n\t\t\t\t\t\tdata-description=\"\" \n\t\t\titemprop=\"contentUrl\"\n\t\t>\n\t\t<img src=\"https:\/\/potting-ponjave.si\/wp-content\/uploads\/2020\/11\/fabric-covered-buildings-2.jpg\" alt=\"\" data-no-lazy=\"1\" itemprop=\"thumbnail\" \/>\n\t\t\t<!-- Overlay Wrapper -->\n\t\t\t <!-- Overlay Wrapper Closed -->\n\t\t\t\t<\/a>\n\t\t\t\t\t\t\t<meta itemprop=\"width\" content=\"800\" \/>\n\t\t\t<meta itemprop=\"height\" content=\"461\" \/>\n\t\t\t\t<a\n\t\t\thref=\"https:\/\/potting-ponjave.si\/wp-content\/uploads\/2020\/11\/skladiscni-sotor.jpg\"\n\t\t\t\t\t\tdata-fancybox=\"images\" \n\t\t\ttitle=\"skladi\u0161\u010dni \u0161otor\" \n\t\t\t\t\t\tdata-caption=\"\"\n\t\t\t\t\t\tdata-description=\"\" \n\t\t\titemprop=\"contentUrl\"\n\t\t>\n\t\t<img src=\"https:\/\/potting-ponjave.si\/wp-content\/uploads\/2020\/11\/skladiscni-sotor.jpg\" alt=\"\" data-no-lazy=\"1\" itemprop=\"thumbnail\" \/>\n\t\t\t<!-- Overlay Wrapper -->\n\t\t\t <!-- Overlay Wrapper Closed -->\n\t\t\t\t<\/a>\n\t\t\t\t\t\t\t<meta itemprop=\"width\" content=\"1000\" \/>\n\t\t\t<meta itemprop=\"height\" content=\"480\" \/>\n\t\t\t\t<a\n\t\t\thref=\"https:\/\/potting-ponjave.si\/wp-content\/uploads\/2020\/11\/fabric-covered-building2.jpg\"\n\t\t\t\t\t\tdata-fancybox=\"images\" \n\t\t\ttitle=\"fabric covered building2\" \n\t\t\t\t\t\tdata-caption=\"\"\n\t\t\t\t\t\tdata-description=\"\" \n\t\t\titemprop=\"contentUrl\"\n\t\t>\n\t\t<img src=\"https:\/\/potting-ponjave.si\/wp-content\/uploads\/2020\/11\/fabric-covered-building2.jpg\" alt=\"\" data-no-lazy=\"1\" itemprop=\"thumbnail\" \/>\n\t\t\t<!-- Overlay Wrapper -->\n\t\t\t <!-- Overlay Wrapper Closed -->\n\t\t\t\t<\/a>\n\t\t\t\t\t\t\t<meta itemprop=\"width\" content=\"1024\" \/>\n\t\t\t<meta itemprop=\"height\" content=\"585\" \/>\n\t\t\t\t<a\n\t\t\thref=\"https:\/\/potting-ponjave.si\/wp-content\/uploads\/2020\/11\/cover-building.jpg\"\n\t\t\t\t\t\tdata-fancybox=\"images\" \n\t\t\ttitle=\"cover building\" \n\t\t\t\t\t\tdata-caption=\"\"\n\t\t\t\t\t\tdata-description=\"\" \n\t\t\titemprop=\"contentUrl\"\n\t\t>\n\t\t<img src=\"https:\/\/potting-ponjave.si\/wp-content\/uploads\/2020\/11\/cover-building.jpg\" alt=\"\" data-no-lazy=\"1\" itemprop=\"thumbnail\" \/>\n\t\t\t<!-- Overlay Wrapper -->\n\t\t\t <!-- Overlay Wrapper Closed -->\n\t\t\t\t<\/a>\n\t\t\t\t\t\t\t<meta itemprop=\"width\" content=\"600\" \/>\n\t\t\t<meta itemprop=\"height\" content=\"338\" \/>\n\t\t\t\t<a\n\t\t\thref=\"https:\/\/potting-ponjave.si\/wp-content\/uploads\/2020\/11\/2-fabric-salt-storage-2.jpg\"\n\t\t\t\t\t\tdata-fancybox=\"images\" \n\t\t\ttitle=\"2-fabric-salt-storage-2\" \n\t\t\t\t\t\tdata-caption=\"\"\n\t\t\t\t\t\tdata-description=\"\" \n\t\t\titemprop=\"contentUrl\"\n\t\t>\n\t\t<img src=\"https:\/\/potting-ponjave.si\/wp-content\/uploads\/2020\/11\/2-fabric-salt-storage-2.jpg\" alt=\"\" data-no-lazy=\"1\" itemprop=\"thumbnail\" \/>\n\t\t\t<!-- Overlay Wrapper -->\n\t\t\t <!-- Overlay Wrapper Closed -->\n\t\t\t\t<\/a>\n\t\t\t\t\t\t\t<meta itemprop=\"width\" content=\"475\" \/>\n\t\t\t<meta itemprop=\"height\" content=\"315\" \/>\n\t\t\t\t<a\n\t\t\thref=\"https:\/\/potting-ponjave.si\/wp-content\/uploads\/2019\/11\/f638b3f5-a1d6-4f9c-b246-5f2579215868-1.jpg\"\n\t\t\t\t\t\tdata-fancybox=\"images\" \n\t\t\ttitle=\"f638b3f5-a1d6-4f9c-b246-5f2579215868\" \n\t\t\t\t\t\tdata-caption=\"\"\n\t\t\t\t\t\tdata-description=\"\" \n\t\t\titemprop=\"contentUrl\"\n\t\t>\n\t\t<img src=\"https:\/\/potting-ponjave.si\/wp-content\/uploads\/2019\/11\/f638b3f5-a1d6-4f9c-b246-5f2579215868-1.jpg\" alt=\"\" data-no-lazy=\"1\" itemprop=\"thumbnail\" \/>\n\t\t\t<!-- Overlay Wrapper -->\n\t\t\t <!-- Overlay Wrapper Closed -->\n\t\t\t\t<\/a>\n\t\t\t\t\t\t\t<meta itemprop=\"width\" content=\"685\" \/>\n\t\t\t<meta itemprop=\"height\" content=\"407\" \/>\n\t\t\t\t<a\n\t\t\thref=\"https:\/\/potting-ponjave.si\/wp-content\/uploads\/2019\/11\/9da0940a-289a-4c66-a4c1-b195e9be94d8.jpg\"\n\t\t\t\t\t\tdata-fancybox=\"images\" \n\t\t\ttitle=\"9da0940a-289a-4c66-a4c1-b195e9be94d8\" \n\t\t\t\t\t\tdata-caption=\"\"\n\t\t\t\t\t\tdata-description=\"\" \n\t\t\titemprop=\"contentUrl\"\n\t\t>\n\t\t<img src=\"https:\/\/potting-ponjave.si\/wp-content\/uploads\/2019\/11\/9da0940a-289a-4c66-a4c1-b195e9be94d8.jpg\" alt=\"\" data-no-lazy=\"1\" itemprop=\"thumbnail\" \/>\n\t\t\t<!-- Overlay Wrapper -->\n\t\t\t <!-- Overlay Wrapper Closed -->\n\t\t\t\t<\/a>\n\t\t\t\t\t\t\t<meta itemprop=\"width\" content=\"685\" \/>\n\t\t\t<meta itemprop=\"height\" content=\"407\" \/>\n\t\t\t\t<a\n\t\t\thref=\"https:\/\/potting-ponjave.si\/wp-content\/uploads\/2019\/11\/930f5c0a-b73e-4837-bdcd-18d25cd24d0b.jpg\"\n\t\t\t\t\t\tdata-fancybox=\"images\" \n\t\t\ttitle=\"930f5c0a-b73e-4837-bdcd-18d25cd24d0b\" \n\t\t\t\t\t\tdata-caption=\"\"\n\t\t\t\t\t\tdata-description=\"\" \n\t\t\titemprop=\"contentUrl\"\n\t\t>\n\t\t<img src=\"https:\/\/potting-ponjave.si\/wp-content\/uploads\/2019\/11\/930f5c0a-b73e-4837-bdcd-18d25cd24d0b.jpg\" alt=\"\" data-no-lazy=\"1\" itemprop=\"thumbnail\" \/>\n\t\t\t<!-- Overlay Wrapper -->\n\t\t\t <!-- Overlay Wrapper Closed -->\n\t\t\t\t<\/a>\n\t\t\t\t\t\t\t<meta itemprop=\"width\" content=\"549\" \/>\n\t\t\t<meta itemprop=\"height\" content=\"407\" \/>\n\t\t\t\t<a\n\t\t\thref=\"https:\/\/potting-ponjave.si\/wp-content\/uploads\/2019\/11\/cf378a37-dccb-4ded-bb9c-acdfe82fe241.jpg\"\n\t\t\t\t\t\tdata-fancybox=\"images\" \n\t\t\ttitle=\"cf378a37-dccb-4ded-bb9c-acdfe82fe241\" \n\t\t\t\t\t\tdata-caption=\"\"\n\t\t\t\t\t\tdata-description=\"\" \n\t\t\titemprop=\"contentUrl\"\n\t\t>\n\t\t<img src=\"https:\/\/potting-ponjave.si\/wp-content\/uploads\/2019\/11\/cf378a37-dccb-4ded-bb9c-acdfe82fe241.jpg\" alt=\"\" data-no-lazy=\"1\" itemprop=\"thumbnail\" \/>\n\t\t\t<!-- Overlay Wrapper -->\n\t\t\t <!-- Overlay Wrapper Closed -->\n\t\t\t\t<\/a>\n\t\t\t\t\t\t\t<meta itemprop=\"width\" content=\"549\" \/>\n\t\t\t<meta itemprop=\"height\" content=\"407\" \/>\n\t\t\t\t<a\n\t\t\thref=\"https:\/\/potting-ponjave.si\/wp-content\/uploads\/2019\/11\/53f5e631-7c5d-43f9-b2b6-3ee94e2ccd29.jpg\"\n\t\t\t\t\t\tdata-fancybox=\"images\" \n\t\t\ttitle=\"53f5e631-7c5d-43f9-b2b6-3ee94e2ccd29\" \n\t\t\t\t\t\tdata-caption=\"\"\n\t\t\t\t\t\tdata-description=\"\" \n\t\t\titemprop=\"contentUrl\"\n\t\t>\n\t\t<img src=\"https:\/\/potting-ponjave.si\/wp-content\/uploads\/2019\/11\/53f5e631-7c5d-43f9-b2b6-3ee94e2ccd29.jpg\" alt=\"\" data-no-lazy=\"1\" itemprop=\"thumbnail\" \/>\n\t\t\t<!-- Overlay Wrapper -->\n\t\t\t <!-- Overlay Wrapper Closed -->\n\t\t\t\t<\/a>\n\t\t\t\t\t\t\t<meta itemprop=\"width\" content=\"543\" \/>\n\t\t\t<meta itemprop=\"height\" content=\"407\" \/>\n\t\t\t\t<a\n\t\t\thref=\"https:\/\/potting-ponjave.si\/wp-content\/uploads\/2019\/11\/a3105e6c-349e-4a05-b233-864dca720249.jpg\"\n\t\t\t\t\t\tdata-fancybox=\"images\" \n\t\t\ttitle=\"a3105e6c-349e-4a05-b233-864dca720249\" \n\t\t\t\t\t\tdata-caption=\"\"\n\t\t\t\t\t\tdata-description=\"\" \n\t\t\titemprop=\"contentUrl\"\n\t\t>\n\t\t<img src=\"https:\/\/potting-ponjave.si\/wp-content\/uploads\/2019\/11\/a3105e6c-349e-4a05-b233-864dca720249.jpg\" alt=\"\" data-no-lazy=\"1\" itemprop=\"thumbnail\" \/>\n\t\t\t<!-- Overlay Wrapper -->\n\t\t\t <!-- Overlay Wrapper Closed -->\n\t\t\t\t<\/a>\n\t\t\t\t\t\t\t<meta itemprop=\"width\" content=\"543\" \/>\n\t\t\t<meta itemprop=\"height\" content=\"407\" \/>\n\t\t\t\t<a\n\t\t\thref=\"https:\/\/potting-ponjave.si\/wp-content\/uploads\/2019\/11\/294e7401-a5d4-4a6e-8b96-7ee440fdcb13-1.jpg\"\n\t\t\t\t\t\tdata-fancybox=\"images\" \n\t\t\ttitle=\"294e7401-a5d4-4a6e-8b96-7ee440fdcb13\" \n\t\t\t\t\t\tdata-caption=\"\"\n\t\t\t\t\t\tdata-description=\"\" \n\t\t\titemprop=\"contentUrl\"\n\t\t>\n\t\t<img src=\"https:\/\/potting-ponjave.si\/wp-content\/uploads\/2019\/11\/294e7401-a5d4-4a6e-8b96-7ee440fdcb13-1.jpg\" alt=\"\" data-no-lazy=\"1\" itemprop=\"thumbnail\" \/>\n\t\t\t<!-- Overlay Wrapper -->\n\t\t\t <!-- Overlay Wrapper Closed -->\n\t\t\t\t<\/a>\n\t\t\t\t\t\t\t<meta itemprop=\"width\" content=\"543\" \/>\n\t\t\t<meta itemprop=\"height\" content=\"407\" \/>\n\t\t\t\t<a\n\t\t\thref=\"https:\/\/potting-ponjave.si\/wp-content\/uploads\/2019\/11\/1f0ed5a3-ef3e-4be9-b5d3-962984c03137-1.jpg\"\n\t\t\t\t\t\tdata-fancybox=\"images\" \n\t\t\ttitle=\"1f0ed5a3-ef3e-4be9-b5d3-962984c03137\" \n\t\t\t\t\t\tdata-caption=\"\"\n\t\t\t\t\t\tdata-description=\"\" \n\t\t\titemprop=\"contentUrl\"\n\t\t>\n\t\t<img src=\"https:\/\/potting-ponjave.si\/wp-content\/uploads\/2019\/11\/1f0ed5a3-ef3e-4be9-b5d3-962984c03137-1.jpg\" alt=\"\" data-no-lazy=\"1\" itemprop=\"thumbnail\" \/>\n\t\t\t<!-- Overlay Wrapper -->\n\t\t\t <!-- Overlay Wrapper Closed -->\n\t\t\t\t<\/a>\n\t\t\t\t\t\t\t<meta itemprop=\"width\" content=\"543\" \/>\n\t\t\t<meta itemprop=\"height\" content=\"407\" \/>\n\t","protected":false},"excerpt":{"rendered":"<p>COVERED BUILDINGS We offer complete solutions in the field of technical textiles. We follow \u00a0you from the idea to the final implementation. Tarpaulins or technical textile products are mainly used for protection against various weather influences, protection against dust, for visual and acoustic barriers, wind protection, partitions and various transport packaging. We work with various&hellip;<\/p>\n","protected":false},"author":1,"featured_media":0,"parent":0,"menu_order":0,"comment_status":"closed","ping_status":"closed","template":"","meta":[],"yoast_head":"<!-- This site is optimized with the Yoast SEO plugin v19.7.2 - https:\/\/yoast.com\/wordpress\/plugins\/seo\/ -->\n<title>Covered buildings - PONJAVE<\/title>\n<meta name=\"robots\" content=\"index, follow, max-snippet:-1, max-image-preview:large, max-video-preview:-1\" \/>\n<link rel=\"canonical\" href=\"https:\/\/potting-ponjave.si\/en\/covered-buildings\/\" \/>\n<meta property=\"og:locale\" content=\"en_US\" \/>\n<meta property=\"og:type\" content=\"article\" \/>\n<meta property=\"og:title\" content=\"Covered buildings - PONJAVE\" \/>\n<meta property=\"og:description\" content=\"COVERED BUILDINGS We offer complete solutions in the field of technical textiles. We follow \u00a0you from the idea to the final implementation. Tarpaulins or technical textile products are mainly used for protection against various weather influences, protection against dust, for visual and acoustic barriers, wind protection, partitions and various transport packaging. We work with various&hellip;\" \/>\n<meta property=\"og:url\" content=\"https:\/\/potting-ponjave.si\/en\/covered-buildings\/\" \/>\n<meta property=\"og:site_name\" content=\"PONJAVE\" \/>\n<meta property=\"article:modified_time\" content=\"2020-11-20T18:00:32+00:00\" \/>\n<meta property=\"og:image\" content=\"https:\/\/potting-ponjave.si\/wp-content\/uploads\/2020\/11\/different-types-of-salt-storage-domes-3.jpg\" \/>\n<meta name=\"twitter:card\" content=\"summary_large_image\" \/>\n<meta name=\"twitter:label1\" content=\"Est. reading time\" \/>\n\t<meta name=\"twitter:data1\" content=\"1 minute\" \/>\n<script type=\"application\/ld+json\" class=\"yoast-schema-graph\">{\"@context\":\"https:\/\/schema.org\",\"@graph\":[{\"@type\":\"WebPage\",\"@id\":\"https:\/\/potting-ponjave.si\/en\/covered-buildings\/\",\"url\":\"https:\/\/potting-ponjave.si\/en\/covered-buildings\/\",\"name\":\"Covered buildings - PONJAVE\",\"isPartOf\":{\"@id\":\"https:\/\/potting-ponjave.si\/en\/#website\"},\"datePublished\":\"2020-11-20T12:56:45+00:00\",\"dateModified\":\"2020-11-20T18:00:32+00:00\",\"breadcrumb\":{\"@id\":\"https:\/\/potting-ponjave.si\/en\/covered-buildings\/#breadcrumb\"},\"inLanguage\":\"en-US\",\"potentialAction\":[{\"@type\":\"ReadAction\",\"target\":[\"https:\/\/potting-ponjave.si\/en\/covered-buildings\/\"]}]},{\"@type\":\"BreadcrumbList\",\"@id\":\"https:\/\/potting-ponjave.si\/en\/covered-buildings\/#breadcrumb\",\"itemListElement\":[{\"@type\":\"ListItem\",\"position\":1,\"name\":\"Home\",\"item\":\"https:\/\/potting-ponjave.si\/en\/\"},{\"@type\":\"ListItem\",\"position\":2,\"name\":\"Covered buildings\"}]},{\"@type\":\"WebSite\",\"@id\":\"https:\/\/potting-ponjave.si\/en\/#website\",\"url\":\"https:\/\/potting-ponjave.si\/en\/\",\"name\":\"PONJAVE\",\"description\":\"CERADE ZA VSE NAMENE\",\"potentialAction\":[{\"@type\":\"SearchAction\",\"target\":{\"@type\":\"EntryPoint\",\"urlTemplate\":\"https:\/\/potting-ponjave.si\/en\/?s={search_term_string}\"},\"query-input\":\"required name=search_term_string\"}],\"inLanguage\":\"en-US\"}]}<\/script>\n<!-- \/ Yoast SEO plugin. -->","yoast_head_json":{"title":"Covered buildings - PONJAVE","robots":{"index":"index","follow":"follow","max-snippet":"max-snippet:-1","max-image-preview":"max-image-preview:large","max-video-preview":"max-video-preview:-1"},"canonical":"https:\/\/potting-ponjave.si\/en\/covered-buildings\/","og_locale":"en_US","og_type":"article","og_title":"Covered buildings - PONJAVE","og_description":"COVERED BUILDINGS We offer complete solutions in the field of technical textiles. We follow \u00a0you from the idea to the final implementation. Tarpaulins or technical textile products are mainly used for protection against various weather influences, protection against dust, for visual and acoustic barriers, wind protection, partitions and various transport packaging. We work with various&hellip;","og_url":"https:\/\/potting-ponjave.si\/en\/covered-buildings\/","og_site_name":"PONJAVE","article_modified_time":"2020-11-20T18:00:32+00:00","og_image":[{"url":"https:\/\/potting-ponjave.si\/wp-content\/uploads\/2020\/11\/different-types-of-salt-storage-domes-3.jpg"}],"twitter_card":"summary_large_image","twitter_misc":{"Est. reading time":"1 minute"},"schema":{"@context":"https:\/\/schema.org","@graph":[{"@type":"WebPage","@id":"https:\/\/potting-ponjave.si\/en\/covered-buildings\/","url":"https:\/\/potting-ponjave.si\/en\/covered-buildings\/","name":"Covered buildings - PONJAVE","isPartOf":{"@id":"https:\/\/potting-ponjave.si\/en\/#website"},"datePublished":"2020-11-20T12:56:45+00:00","dateModified":"2020-11-20T18:00:32+00:00","breadcrumb":{"@id":"https:\/\/potting-ponjave.si\/en\/covered-buildings\/#breadcrumb"},"inLanguage":"en-US","potentialAction":[{"@type":"ReadAction","target":["https:\/\/potting-ponjave.si\/en\/covered-buildings\/"]}]},{"@type":"BreadcrumbList","@id":"https:\/\/potting-ponjave.si\/en\/covered-buildings\/#breadcrumb","itemListElement":[{"@type":"ListItem","position":1,"name":"Home","item":"https:\/\/potting-ponjave.si\/en\/"},{"@type":"ListItem","position":2,"name":"Covered buildings"}]},{"@type":"WebSite","@id":"https:\/\/potting-ponjave.si\/en\/#website","url":"https:\/\/potting-ponjave.si\/en\/","name":"PONJAVE","description":"CERADE ZA VSE NAMENE","potentialAction":[{"@type":"SearchAction","target":{"@type":"EntryPoint","urlTemplate":"https:\/\/potting-ponjave.si\/en\/?s={search_term_string}"},"query-input":"required name=search_term_string"}],"inLanguage":"en-US"}]}},"_links":{"self":[{"href":"https:\/\/potting-ponjave.si\/en\/wp-json\/wp\/v2\/pages\/1194"}],"collection":[{"href":"https:\/\/potting-ponjave.si\/en\/wp-json\/wp\/v2\/pages"}],"about":[{"href":"https:\/\/potting-ponjave.si\/en\/wp-json\/wp\/v2\/types\/page"}],"author":[{"embeddable":true,"href":"https:\/\/potting-ponjave.si\/en\/wp-json\/wp\/v2\/users\/1"}],"replies":[{"embeddable":true,"href":"https:\/\/potting-ponjave.si\/en\/wp-json\/wp\/v2\/comments?post=1194"}],"version-history":[{"count":8,"href":"https:\/\/potting-ponjave.si\/en\/wp-json\/wp\/v2\/pages\/1194\/revisions"}],"predecessor-version":[{"id":1533,"href":"https:\/\/potting-ponjave.si\/en\/wp-json\/wp\/v2\/pages\/1194\/revisions\/1533"}],"wp:attachment":[{"href":"https:\/\/potting-ponjave.si\/en\/wp-json\/wp\/v2\/media?parent=1194"}],"curies":[{"name":"wp","href":"https:\/\/api.w.org\/{rel}","templated":true}]}}