{"id":1549,"date":"2020-11-20T20:30:39","date_gmt":"2020-11-20T18:30:39","guid":{"rendered":"https:\/\/potting-ponjave.si\/zelte\/"},"modified":"2026-04-14T11:36:29","modified_gmt":"2026-04-14T09:36:29","slug":"zelte","status":"publish","type":"page","link":"https:\/\/potting-ponjave.si\/de\/zelte\/","title":{"rendered":"Zelte"},"content":{"rendered":"\n\n\t<h1>ZELTE<\/h1>\n\t\t<h2>\n\t\t\t Lagerzelte\n\t\t<\/h2>\nFlexible L\u00f6sungen von Potting\n\t<p>Das Unternehmen Potting ist Experte f\u00fcr <strong>Lagerzelte und Membrand\u00e4cher.<\/strong> Unsere Zelte sind eine zuverl\u00e4ssige und flexible L\u00f6sung f\u00fcr Unternehmen, die effektiven Schutz und Raum f\u00fcr verschiedenste Anl\u00e4sse ben\u00f6tigen. Neben individueller Anpassung bieten wir Qualit\u00e4t, die auf langj\u00e4hriger Erfahrung und der Verwendung hochwertiger Materialien basiert.<\/p>\n\t\t\t<img loading='false' src=\"https:\/\/potting-ponjave.si\/wp-content\/uploads\/2020\/11\/2-fabric-salt-storage-2-1.jpg\" alt=\"\" \/>\t\t\t\n\t\t\t<img loading='false' src=\"https:\/\/potting-ponjave.si\/wp-content\/uploads\/2020\/11\/cover-building.jpg\" alt=\"\" \/>\t\t\t\n\t\t\t<img loading='false' src=\"https:\/\/potting-ponjave.si\/wp-content\/uploads\/2020\/11\/different-types-of-salt-storage-domes-4.jpg\" alt=\"\" \/>\t\t\t\n\t\t\t<img loading='false' src=\"https:\/\/potting-ponjave.si\/wp-content\/uploads\/2020\/11\/fabric-covered-building2-1.jpg\" alt=\"\" \/>\t\t\t\n\t\t\t<img loading='false' src=\"https:\/\/potting-ponjave.si\/wp-content\/uploads\/2020\/11\/fabric-covered-buildings.jpg\" alt=\"\" \/>\t\t\t\n\t\t\t<img loading='false' src=\"https:\/\/potting-ponjave.si\/wp-content\/uploads\/2020\/11\/skladiscni-sotor.jpg\" alt=\"\" \/>\t\t\t\n\t\t\t<img loading='false' src=\"https:\/\/potting-ponjave.si\/wp-content\/uploads\/2020\/10\/Resized_20180507_120621.jpg\" alt=\"\" \/>\t\t\t\n\t\t\t<img loading='false' src=\"https:\/\/potting-ponjave.si\/wp-content\/uploads\/2020\/10\/Resized_20170912_140017.jpg\" alt=\"\" \/>\t\t\t\n\t\t\t<img loading='false' src=\"https:\/\/potting-ponjave.si\/wp-content\/uploads\/2020\/10\/IMG_20190920_114934.jpg\" alt=\"\" \/>\t\t\t\n\t\t\t<img loading='false' src=\"https:\/\/potting-ponjave.si\/wp-content\/uploads\/2020\/10\/IMG_20190704_183804.jpg\" alt=\"\" \/>\t\t\t\n\t\t\t<img loading='false' src=\"https:\/\/potting-ponjave.si\/wp-content\/uploads\/2020\/11\/image000000_2-1-e1605966510376.jpg\" alt=\"\" \/>\t\t\t\n\t\t\t<img loading='false' src=\"https:\/\/potting-ponjave.si\/wp-content\/uploads\/2019\/11\/2c6945e7-3bbf-4daa-845a-993cd1c5b40b.jpg\" alt=\"\" \/>\t\t\t\n\t\t\t<img loading='false' src=\"https:\/\/potting-ponjave.si\/wp-content\/uploads\/2019\/11\/4a21a0c8-aedb-43e5-8023-b0378c46aeb1.jpg\" alt=\"\" \/>\t\t\t\n\t\t\t<img loading='false' src=\"https:\/\/potting-ponjave.si\/wp-content\/uploads\/2019\/11\/8b6eb52e-f27e-4993-8814-1dfdfd6b1cbd.jpg\" alt=\"\" \/>\t\t\t\n\t\t\t<img loading='false' src=\"https:\/\/potting-ponjave.si\/wp-content\/uploads\/2019\/11\/21b15234-01cd-482c-b5a6-98b546657405.jpg\" alt=\"\" \/>\t\t\t\n\t\t\t<img loading='false' src=\"https:\/\/potting-ponjave.si\/wp-content\/uploads\/2019\/11\/39bba861-eb77-48c8-815d-99d6d3b16e97.jpg\" alt=\"\" \/>\t\t\t\n\t\t\t<img loading='false' src=\"https:\/\/potting-ponjave.si\/wp-content\/uploads\/2019\/11\/71b2367d-3361-422e-b93f-1c8bf100031e.jpg\" alt=\"\" \/>\t\t\t\n\t\t\t<img loading='false' src=\"https:\/\/potting-ponjave.si\/wp-content\/uploads\/2019\/11\/94a6db85-d4bb-4ed1-b116-393249cf2d63.jpg\" alt=\"\" \/>\t\t\t\n\t\t\t<img loading='false' src=\"https:\/\/potting-ponjave.si\/wp-content\/uploads\/2019\/11\/b13a19a2-4a90-4561-8366-6cd77e26d844.jpg\" alt=\"\" \/>\t\t\t\n\t\t\t<img loading='false' src=\"https:\/\/potting-ponjave.si\/wp-content\/uploads\/2019\/11\/f5c65523-5965-482d-a37b-bd7053bf819a.jpg\" alt=\"\" \/>\t\t\t\n\t\t\t\t<a href=\"#\" aria-label=\"previous\" role=\"button\">\n<\/a>\n\t\t\t\t<a href=\"#\" aria-label=\"next\" role=\"button\">\n<\/a>\n\t<a href=\"https:\/\/potting-ponjave.si\/de\/kontakt\/\" target=\"_blank\" role=\"button\" rel=\"noopener\" aria-label=\"SENDEN SIE EINE ANFRAGE\">\n\t\t\t\t\t\tSENDEN SIE EINE ANFRAGE\n\t\t\t\t\t<\/a>\n\t<a href=\"tel:+38613204473\" target=\"_blank\" role=\"button\" rel=\"noopener\" aria-label=\"ANRUF\">\n\t\t\t\t\t\tANRUF\n\t\t\t\t\t<\/a>\n\t\t<h3>\n\t\t\t Warum sollten Sie sich f\u00fcr Lagerzelte von Potting entscheiden?\n\t\t<\/h3>\n\t\t\tUnsere Lagerzelte sind die ideale L\u00f6sung f\u00fcr eine Vielzahl von Anforderungen, wie zum Beispiel:\n<ul>\n \t<li>Tempor\u00e4re oder permanente Lagerfl\u00e4chen<\/li>\n \t<li>Industriegeb\u00e4ude und Produktionshallen<\/li>\n \t<li>Veranstaltungsr\u00e4ume und Trib\u00fcnen\u00fcberdachungen<\/li>\n<\/ul>\nDank ihres modularen Designs erm\u00f6glichen sie eine schnelle Anpassung an Gr\u00f6\u00dfe und Zweck, einfachen Transport und einfache Montage. Jedes Zelt wird gem\u00e4\u00df den h\u00f6chsten europ\u00e4ischen Standards entworfen und hergestellt, was eine lange Lebensdauer, Wetterbest\u00e4ndigkeit und Zuverl\u00e4ssigkeit garantiert.\t\t\n\t\t<h3>\n\t\t\tZeltplane &#8211; Qualit\u00e4t und Nachhaltigkeit\n\t\t<\/h3>\n\t\t\tEine der wichtigsten Komponenten eines Lagerzeltes ist die Plane. Unsere Planen werden aus hochwertigen technischen Textilien gefertigt und auf spezifische Anforderungen angepasst.\nMit eigener Produktion und modernster mechanischer Ausr\u00fcstung garantieren wir:\n<ul>\n \t<li>Robuste und wasserfeste Planen<\/li>\n \t<li>Pr\u00e4zise Fertigung mithilfe von Software<\/li>\n \t<li>Flexibilit\u00e4t f\u00fcr alle Arten von Konstruktionen<\/li>\n<\/ul>\t\t\n\t\t<h3>\n\t\t\t Gebrauchte Lagerzelte\n\t\t<\/h3>\n\t\t\tF\u00fcr Unternehmen, die eine kosteng\u00fcnstige L\u00f6sung suchen, bieten wir auch <strong>gebrauchte Lagerzelte<\/strong> an. Diese bieten die gleiche Funktionalit\u00e4t und Zuverl\u00e4ssigkeit wie neue Produkte, da sie vor der Lieferung gr\u00fcndlich \u00fcberpr\u00fcft und \u00fcberholt werden.\t\t\n\t\t<h3>\n\t\t\t Der Prozess von der Anfrage bis zur Montage\n\t\t<\/h3>\n\t\t\tDie Zusammenarbeit mit uns ist einfach und transparent:\n<ol>\n \t<li><strong>Anfrage stellen<\/strong>: Klicken Sie unten auf den Button <strong>Anfrage stellen<\/strong> und f\u00fcllen Sie das Formular aus.<\/li>\n \t<li><strong>Beratung und Planung<\/strong>: Unser Expertenteam hilft Ihnen, die beste L\u00f6sung zu finden.<\/li>\n \t<li><strong>Produktion und Montage<\/strong>: Alle Zelte werden schnell und effizient hergestellt und montiert.<\/li>\n<\/ol>\t\t\n\t\t<h3>\n\t\t\t Anfrage \n\t\t<\/h3>\n\t\t\tSenden Sie uns eine Nachricht und wir werden Ihnen so schnell wie m\u00f6glich antworten!\t\t\n\t<a href=\"https:\/\/potting-ponjave.si\/de\/kontakt\/\" target=\"_self\" role=\"button\" aria-label=\" SENDEN SIE EINE ANFRAGE\" rel=\"noopener\">\n\t\t\t\t\t\t SENDEN SIE EINE ANFRAGE\n\t\t\t\t\t<\/a>\n\t<a href=\"tel:+38613204473\" target=\"_blank\" role=\"button\" rel=\"noopener\" aria-label=\"ANRUF\">\n\t\t\t\t\t\tANRUF\n\t\t\t\t\t<\/a>\n\t\t<h3>\n\t\t\t Warum sollten Sie sich f\u00fcr Potting entscheiden?\n\t\t<\/h3>\n\t\t\t<ul>\n \t<li><strong>Langj\u00e4hrige Erfahrung<\/strong>: Wir sind f\u00fchrend im Bereich Membrand\u00e4cher.<\/li>\n \t<li><strong>Zertifizierte Qualit\u00e4t<\/strong>: Wir verwenden nur Materialien, die den strengen europ\u00e4ischen Standards entsprechen.<\/li>\n \t<li><strong>Flexible L\u00f6sungen<\/strong>: Es stehen standardisierte und ma\u00dfgeschneiderte Zelte zur Verf\u00fcgung.<\/li>\n \t<li><strong>Innovativer Ansatz<\/strong>: Wir arbeiten mit den besten europ\u00e4ischen Herstellern technischer Textilien zusammen.<\/li>\n<\/ul>\nW\u00e4hlen Sie Qualit\u00e4t und Zuverl\u00e4ssigkeit. Stellen Sie eine Anfrage oder rufen Sie uns an, und gemeinsam finden wir die L\u00f6sung, die Ihren Anforderungen entspricht.\t\t\n\n","protected":false},"excerpt":{"rendered":"<p>ZELTE Lagerzelte Flexible L\u00f6sungen von Potting Das Unternehmen Potting ist Experte f\u00fcr Lagerzelte und Membrand\u00e4cher. Unsere Zelte sind eine zuverl\u00e4ssige und flexible L\u00f6sung f\u00fcr Unternehmen, die effektiven Schutz und Raum f\u00fcr verschiedenste Anl\u00e4sse ben\u00f6tigen. Neben individueller Anpassung bieten wir Qualit\u00e4t, die auf langj\u00e4hriger Erfahrung und der Verwendung hochwertiger Materialien basiert. SENDEN SIE EINE ANFRAGE ANRUF&hellip;<\/p>\n","protected":false},"author":1,"featured_media":0,"parent":0,"menu_order":6,"comment_status":"closed","ping_status":"closed","template":"","meta":[],"yoast_head":"<!-- This site is optimized with the Yoast SEO plugin v19.7.2 - https:\/\/yoast.com\/wordpress\/plugins\/seo\/ -->\n<title>Zelte - PONJAVE<\/title>\n<meta name=\"robots\" content=\"index, follow, max-snippet:-1, max-image-preview:large, max-video-preview:-1\" \/>\n<link rel=\"canonical\" href=\"https:\/\/potting-ponjave.si\/de\/zelte\/\" \/>\n<meta property=\"og:locale\" content=\"de_DE\" \/>\n<meta property=\"og:type\" content=\"article\" \/>\n<meta property=\"og:title\" content=\"Zelte - PONJAVE\" \/>\n<meta property=\"og:description\" content=\"ZELTE Lagerzelte Flexible L\u00f6sungen von Potting Das Unternehmen Potting ist Experte f\u00fcr Lagerzelte und Membrand\u00e4cher. Unsere Zelte sind eine zuverl\u00e4ssige und flexible L\u00f6sung f\u00fcr Unternehmen, die effektiven Schutz und Raum f\u00fcr verschiedenste Anl\u00e4sse ben\u00f6tigen. Neben individueller Anpassung bieten wir Qualit\u00e4t, die auf langj\u00e4hriger Erfahrung und der Verwendung hochwertiger Materialien basiert. SENDEN SIE EINE ANFRAGE ANRUF&hellip;\" \/>\n<meta property=\"og:url\" content=\"https:\/\/potting-ponjave.si\/de\/zelte\/\" \/>\n<meta property=\"og:site_name\" content=\"PONJAVE\" \/>\n<meta property=\"article:modified_time\" content=\"2026-04-14T09:36:29+00:00\" \/>\n<meta property=\"og:image\" content=\"https:\/\/potting-ponjave.si\/wp-content\/uploads\/2020\/11\/2-fabric-salt-storage-2-1.jpg\" \/>\n<meta name=\"twitter:card\" content=\"summary_large_image\" \/>\n<meta name=\"twitter:label1\" content=\"Gesch\u00e4tzte Lesezeit\" \/>\n\t<meta name=\"twitter:data1\" content=\"2 Minuten\" \/>\n<script type=\"application\/ld+json\" class=\"yoast-schema-graph\">{\"@context\":\"https:\/\/schema.org\",\"@graph\":[{\"@type\":\"WebPage\",\"@id\":\"https:\/\/potting-ponjave.si\/de\/zelte\/\",\"url\":\"https:\/\/potting-ponjave.si\/de\/zelte\/\",\"name\":\"Zelte - PONJAVE\",\"isPartOf\":{\"@id\":\"https:\/\/potting-ponjave.si\/de\/#website\"},\"datePublished\":\"2020-11-20T18:30:39+00:00\",\"dateModified\":\"2026-04-14T09:36:29+00:00\",\"breadcrumb\":{\"@id\":\"https:\/\/potting-ponjave.si\/de\/zelte\/#breadcrumb\"},\"inLanguage\":\"de-DE\",\"potentialAction\":[{\"@type\":\"ReadAction\",\"target\":[\"https:\/\/potting-ponjave.si\/de\/zelte\/\"]}]},{\"@type\":\"BreadcrumbList\",\"@id\":\"https:\/\/potting-ponjave.si\/de\/zelte\/#breadcrumb\",\"itemListElement\":[{\"@type\":\"ListItem\",\"position\":1,\"name\":\"Home\",\"item\":\"https:\/\/potting-ponjave.si\/de\/\"},{\"@type\":\"ListItem\",\"position\":2,\"name\":\"Zelte\"}]},{\"@type\":\"WebSite\",\"@id\":\"https:\/\/potting-ponjave.si\/de\/#website\",\"url\":\"https:\/\/potting-ponjave.si\/de\/\",\"name\":\"PONJAVE\",\"description\":\"CERADE ZA VSE NAMENE\",\"potentialAction\":[{\"@type\":\"SearchAction\",\"target\":{\"@type\":\"EntryPoint\",\"urlTemplate\":\"https:\/\/potting-ponjave.si\/de\/?s={search_term_string}\"},\"query-input\":\"required name=search_term_string\"}],\"inLanguage\":\"de-DE\"}]}<\/script>\n<!-- \/ Yoast SEO plugin. -->","yoast_head_json":{"title":"Zelte - PONJAVE","robots":{"index":"index","follow":"follow","max-snippet":"max-snippet:-1","max-image-preview":"max-image-preview:large","max-video-preview":"max-video-preview:-1"},"canonical":"https:\/\/potting-ponjave.si\/de\/zelte\/","og_locale":"de_DE","og_type":"article","og_title":"Zelte - PONJAVE","og_description":"ZELTE Lagerzelte Flexible L\u00f6sungen von Potting Das Unternehmen Potting ist Experte f\u00fcr Lagerzelte und Membrand\u00e4cher. Unsere Zelte sind eine zuverl\u00e4ssige und flexible L\u00f6sung f\u00fcr Unternehmen, die effektiven Schutz und Raum f\u00fcr verschiedenste Anl\u00e4sse ben\u00f6tigen. Neben individueller Anpassung bieten wir Qualit\u00e4t, die auf langj\u00e4hriger Erfahrung und der Verwendung hochwertiger Materialien basiert. SENDEN SIE EINE ANFRAGE ANRUF&hellip;","og_url":"https:\/\/potting-ponjave.si\/de\/zelte\/","og_site_name":"PONJAVE","article_modified_time":"2026-04-14T09:36:29+00:00","og_image":[{"url":"https:\/\/potting-ponjave.si\/wp-content\/uploads\/2020\/11\/2-fabric-salt-storage-2-1.jpg"}],"twitter_card":"summary_large_image","twitter_misc":{"Gesch\u00e4tzte Lesezeit":"2 Minuten"},"schema":{"@context":"https:\/\/schema.org","@graph":[{"@type":"WebPage","@id":"https:\/\/potting-ponjave.si\/de\/zelte\/","url":"https:\/\/potting-ponjave.si\/de\/zelte\/","name":"Zelte - PONJAVE","isPartOf":{"@id":"https:\/\/potting-ponjave.si\/de\/#website"},"datePublished":"2020-11-20T18:30:39+00:00","dateModified":"2026-04-14T09:36:29+00:00","breadcrumb":{"@id":"https:\/\/potting-ponjave.si\/de\/zelte\/#breadcrumb"},"inLanguage":"de-DE","potentialAction":[{"@type":"ReadAction","target":["https:\/\/potting-ponjave.si\/de\/zelte\/"]}]},{"@type":"BreadcrumbList","@id":"https:\/\/potting-ponjave.si\/de\/zelte\/#breadcrumb","itemListElement":[{"@type":"ListItem","position":1,"name":"Home","item":"https:\/\/potting-ponjave.si\/de\/"},{"@type":"ListItem","position":2,"name":"Zelte"}]},{"@type":"WebSite","@id":"https:\/\/potting-ponjave.si\/de\/#website","url":"https:\/\/potting-ponjave.si\/de\/","name":"PONJAVE","description":"CERADE ZA VSE NAMENE","potentialAction":[{"@type":"SearchAction","target":{"@type":"EntryPoint","urlTemplate":"https:\/\/potting-ponjave.si\/de\/?s={search_term_string}"},"query-input":"required name=search_term_string"}],"inLanguage":"de-DE"}]}},"_links":{"self":[{"href":"https:\/\/potting-ponjave.si\/de\/wp-json\/wp\/v2\/pages\/1549"}],"collection":[{"href":"https:\/\/potting-ponjave.si\/de\/wp-json\/wp\/v2\/pages"}],"about":[{"href":"https:\/\/potting-ponjave.si\/de\/wp-json\/wp\/v2\/types\/page"}],"author":[{"embeddable":true,"href":"https:\/\/potting-ponjave.si\/de\/wp-json\/wp\/v2\/users\/1"}],"replies":[{"embeddable":true,"href":"https:\/\/potting-ponjave.si\/de\/wp-json\/wp\/v2\/comments?post=1549"}],"version-history":[{"count":5,"href":"https:\/\/potting-ponjave.si\/de\/wp-json\/wp\/v2\/pages\/1549\/revisions"}],"predecessor-version":[{"id":1947,"href":"https:\/\/potting-ponjave.si\/de\/wp-json\/wp\/v2\/pages\/1549\/revisions\/1947"}],"wp:attachment":[{"href":"https:\/\/potting-ponjave.si\/de\/wp-json\/wp\/v2\/media?parent=1549"}],"curies":[{"name":"wp","href":"https:\/\/api.w.org\/{rel}","templated":true}]}}