{"id":1256,"date":"2020-11-20T17:47:05","date_gmt":"2020-11-20T15:47:05","guid":{"rendered":"https:\/\/potting-ponjave.si\/?page_id=1256"},"modified":"2020-11-20T20:04:46","modified_gmt":"2020-11-20T18:04:46","slug":"behaelterabdeckungen","status":"publish","type":"page","link":"https:\/\/potting-ponjave.si\/de\/behaelterabdeckungen\/","title":{"rendered":"Beh\u00e4lterabdeckungen"},"content":{"rendered":"\n\t<h1>BEH\u00c4LTERABDECKUNGEN<\/h1>\n\t<p>Bei Potting sind wir auf die Herstellung von Planen f\u00fcr alle Arten von LKWs spezialisiert. In der Fertigung achten wir besonders auf die Qualit\u00e4t des Einbaumaterials und die Details der Produktion, was das Endprodukt perfekt macht.<\/p>\n<p>Bei jeder Bestellung bem\u00fchen wir uns die Anforderungen des Kunden detailliert zu beachten und bieten nur das Beste mit einer gro\u00dfen Auswahl verschiedener Einbaukomponenten an. Somit kommen wir den Einzigartigkeiten und Eigenschaften des Produkts f\u00fcr jeden Kunden individuell entgegen. Unsere Planen bestehen aus hochfesten Polyestergeweben, die sich durch einen minimalen Dehnungswert auszeichnen. Die neueste Beschichtungstechnologie gew\u00e4hrleistet eine hohe Haltbarkeit der Farbt\u00f6ne der Planen.<\/p>\n\t\t\t\t<a\n\t\t\thref=\"https:\/\/potting-ponjave.si\/wp-content\/uploads\/2020\/10\/IMG_20190404_112908.jpg\"\n\t\t\t\t\t\tdata-fancybox=\"images\" \n\t\t\ttitle=\"IMG_20190404_112908\" \n\t\t\t\t\t\tdata-caption=\"\"\n\t\t\t\t\t\tdata-description=\"\" \n\t\t\titemprop=\"contentUrl\"\n\t\t>\n\t\t<img src=\"https:\/\/potting-ponjave.si\/wp-content\/uploads\/2020\/10\/IMG_20190404_112908.jpg\" alt=\"\" data-no-lazy=\"1\" itemprop=\"thumbnail\" \/>\n\t\t\t<!-- Overlay Wrapper -->\n\t\t\t <!-- Overlay Wrapper Closed -->\n\t\t\t\t<\/a>\n\t\t\t\t\t\t\t<meta itemprop=\"width\" content=\"452\" \/>\n\t\t\t<meta itemprop=\"height\" content=\"339\" \/>\n\t\t\t\t<a\n\t\t\thref=\"https:\/\/potting-ponjave.si\/wp-content\/uploads\/2020\/11\/container-cover1-1024x768.jpg\"\n\t\t\t\t\t\tdata-fancybox=\"images\" \n\t\t\ttitle=\"cof\" \n\t\t\t\t\t\tdata-caption=\"cof\"\n\t\t\t\t\t\tdata-description=\"\" \n\t\t\titemprop=\"contentUrl\"\n\t\t>\n\t\t<img src=\"https:\/\/potting-ponjave.si\/wp-content\/uploads\/2020\/11\/container-cover1-1024x768.jpg\" alt=\"\" data-no-lazy=\"1\" itemprop=\"thumbnail\" \/>\n\t\t\t<!-- Overlay Wrapper -->\n\t\t\t <!-- Overlay Wrapper Closed -->\n\t\t\t\t<\/a>\n\t\t\t\t\t\t\t<meta itemprop=\"width\" content=\"1024\" \/>\n\t\t\t<meta itemprop=\"height\" content=\"768\" \/>\n\t\t\t\t<a\n\t\t\thref=\"https:\/\/potting-ponjave.si\/wp-content\/uploads\/2020\/11\/Container-covers.jpg\"\n\t\t\t\t\t\tdata-fancybox=\"images\" \n\t\t\ttitle=\"cof\" \n\t\t\t\t\t\tdata-caption=\"cof\"\n\t\t\t\t\t\tdata-description=\"\" \n\t\t\titemprop=\"contentUrl\"\n\t\t>\n\t\t<img src=\"https:\/\/potting-ponjave.si\/wp-content\/uploads\/2020\/11\/Container-covers.jpg\" alt=\"\" data-no-lazy=\"1\" itemprop=\"thumbnail\" \/>\n\t\t\t<!-- Overlay Wrapper -->\n\t\t\t <!-- Overlay Wrapper Closed -->\n\t\t\t\t<\/a>\n\t\t\t\t\t\t\t<meta itemprop=\"width\" content=\"1000\" \/>\n\t\t\t<meta itemprop=\"height\" content=\"750\" \/>\n\t\t\t\t<a\n\t\t\thref=\"https:\/\/potting-ponjave.si\/wp-content\/uploads\/2020\/11\/Container-covers4-1024x768.jpg\"\n\t\t\t\t\t\tdata-fancybox=\"images\" \n\t\t\ttitle=\"ptr\" \n\t\t\t\t\t\tdata-caption=\"ptr\"\n\t\t\t\t\t\tdata-description=\"\" \n\t\t\titemprop=\"contentUrl\"\n\t\t>\n\t\t<img src=\"https:\/\/potting-ponjave.si\/wp-content\/uploads\/2020\/11\/Container-covers4-1024x768.jpg\" alt=\"\" data-no-lazy=\"1\" itemprop=\"thumbnail\" \/>\n\t\t\t<!-- Overlay Wrapper -->\n\t\t\t <!-- Overlay Wrapper Closed -->\n\t\t\t\t<\/a>\n\t\t\t\t\t\t\t<meta itemprop=\"width\" content=\"1024\" \/>\n\t\t\t<meta itemprop=\"height\" content=\"768\" \/>\n\t\t\t\t<a\n\t\t\thref=\"https:\/\/potting-ponjave.si\/wp-content\/uploads\/2020\/11\/container_cover2-1024x768.jpg\"\n\t\t\t\t\t\tdata-fancybox=\"images\" \n\t\t\ttitle=\"cof\" \n\t\t\t\t\t\tdata-caption=\"cof\"\n\t\t\t\t\t\tdata-description=\"\" \n\t\t\titemprop=\"contentUrl\"\n\t\t>\n\t\t<img src=\"https:\/\/potting-ponjave.si\/wp-content\/uploads\/2020\/11\/container_cover2-1024x768.jpg\" alt=\"\" data-no-lazy=\"1\" itemprop=\"thumbnail\" \/>\n\t\t\t<!-- Overlay Wrapper -->\n\t\t\t <!-- Overlay Wrapper Closed -->\n\t\t\t\t<\/a>\n\t\t\t\t\t\t\t<meta itemprop=\"width\" content=\"1024\" \/>\n\t\t\t<meta itemprop=\"height\" content=\"768\" \/>\n\t\t\t\t<a\n\t\t\thref=\"https:\/\/potting-ponjave.si\/wp-content\/uploads\/2020\/11\/container_cover3-1024x768.jpg\"\n\t\t\t\t\t\tdata-fancybox=\"images\" \n\t\t\ttitle=\"cof\" \n\t\t\t\t\t\tdata-caption=\"cof\"\n\t\t\t\t\t\tdata-description=\"\" \n\t\t\titemprop=\"contentUrl\"\n\t\t>\n\t\t<img src=\"https:\/\/potting-ponjave.si\/wp-content\/uploads\/2020\/11\/container_cover3-1024x768.jpg\" alt=\"\" data-no-lazy=\"1\" itemprop=\"thumbnail\" \/>\n\t\t\t<!-- Overlay Wrapper -->\n\t\t\t <!-- Overlay Wrapper Closed -->\n\t\t\t\t<\/a>\n\t\t\t\t\t\t\t<meta itemprop=\"width\" content=\"1024\" \/>\n\t\t\t<meta itemprop=\"height\" content=\"768\" \/>\n\t\t\t\t<a\n\t\t\thref=\"https:\/\/potting-ponjave.si\/wp-content\/uploads\/2020\/11\/IMG_20190404_112908.jpg\"\n\t\t\t\t\t\tdata-fancybox=\"images\" \n\t\t\ttitle=\"IMG_20190404_112908\" \n\t\t\t\t\t\tdata-caption=\"\"\n\t\t\t\t\t\tdata-description=\"\" \n\t\t\titemprop=\"contentUrl\"\n\t\t>\n\t\t<img src=\"https:\/\/potting-ponjave.si\/wp-content\/uploads\/2020\/11\/IMG_20190404_112908.jpg\" alt=\"\" data-no-lazy=\"1\" itemprop=\"thumbnail\" \/>\n\t\t\t<!-- Overlay Wrapper -->\n\t\t\t <!-- Overlay Wrapper Closed -->\n\t\t\t\t<\/a>\n\t\t\t\t\t\t\t<meta itemprop=\"width\" content=\"452\" \/>\n\t\t\t<meta itemprop=\"height\" content=\"339\" \/>\n\t\t\t\t<a\n\t\t\thref=\"https:\/\/potting-ponjave.si\/wp-content\/uploads\/2020\/11\/IMG_20190404_113620.jpg\"\n\t\t\t\t\t\tdata-fancybox=\"images\" \n\t\t\ttitle=\"IMG_20190404_113620\" \n\t\t\t\t\t\tdata-caption=\"\"\n\t\t\t\t\t\tdata-description=\"\" \n\t\t\titemprop=\"contentUrl\"\n\t\t>\n\t\t<img src=\"https:\/\/potting-ponjave.si\/wp-content\/uploads\/2020\/11\/IMG_20190404_113620.jpg\" alt=\"\" data-no-lazy=\"1\" itemprop=\"thumbnail\" \/>\n\t\t\t<!-- Overlay Wrapper -->\n\t\t\t <!-- Overlay Wrapper Closed -->\n\t\t\t\t<\/a>\n\t\t\t\t\t\t\t<meta itemprop=\"width\" content=\"452\" \/>\n\t\t\t<meta itemprop=\"height\" content=\"339\" \/>\n\t\t\t\t<a\n\t\t\thref=\"https:\/\/potting-ponjave.si\/wp-content\/uploads\/2020\/11\/IMG_20200130_151720.jpg\"\n\t\t\t\t\t\tdata-fancybox=\"images\" \n\t\t\ttitle=\"IMG_20200130_151720\" \n\t\t\t\t\t\tdata-caption=\"\"\n\t\t\t\t\t\tdata-description=\"\" \n\t\t\titemprop=\"contentUrl\"\n\t\t>\n\t\t<img src=\"https:\/\/potting-ponjave.si\/wp-content\/uploads\/2020\/11\/IMG_20200130_151720.jpg\" alt=\"\" data-no-lazy=\"1\" itemprop=\"thumbnail\" \/>\n\t\t\t<!-- Overlay Wrapper -->\n\t\t\t <!-- Overlay Wrapper Closed -->\n\t\t\t\t<\/a>\n\t\t\t\t\t\t\t<meta itemprop=\"width\" content=\"640\" \/>\n\t\t\t<meta itemprop=\"height\" content=\"480\" \/>\n\t\t\t\t<a\n\t\t\thref=\"https:\/\/potting-ponjave.si\/wp-content\/uploads\/2020\/11\/IMG_20200420_124426-1024x768.jpg\"\n\t\t\t\t\t\tdata-fancybox=\"images\" \n\t\t\ttitle=\"IMG_20200420_124426\" \n\t\t\t\t\t\tdata-caption=\"\"\n\t\t\t\t\t\tdata-description=\"\" \n\t\t\titemprop=\"contentUrl\"\n\t\t>\n\t\t<img src=\"https:\/\/potting-ponjave.si\/wp-content\/uploads\/2020\/11\/IMG_20200420_124426-1024x768.jpg\" alt=\"\" data-no-lazy=\"1\" itemprop=\"thumbnail\" \/>\n\t\t\t<!-- Overlay Wrapper -->\n\t\t\t <!-- Overlay Wrapper Closed -->\n\t\t\t\t<\/a>\n\t\t\t\t\t\t\t<meta itemprop=\"width\" content=\"1024\" \/>\n\t\t\t<meta itemprop=\"height\" content=\"768\" \/>\n\t\t\t\t<a\n\t\t\thref=\"https:\/\/potting-ponjave.si\/wp-content\/uploads\/2020\/11\/IMG_20200924_112920.jpg\"\n\t\t\t\t\t\tdata-fancybox=\"images\" \n\t\t\ttitle=\"IMG_20200924_112920\" \n\t\t\t\t\t\tdata-caption=\"\"\n\t\t\t\t\t\tdata-description=\"\" \n\t\t\titemprop=\"contentUrl\"\n\t\t>\n\t\t<img src=\"https:\/\/potting-ponjave.si\/wp-content\/uploads\/2020\/11\/IMG_20200924_112920.jpg\" alt=\"\" data-no-lazy=\"1\" itemprop=\"thumbnail\" \/>\n\t\t\t<!-- Overlay Wrapper -->\n\t\t\t <!-- Overlay Wrapper Closed -->\n\t\t\t\t<\/a>\n\t\t\t\t\t\t\t<meta itemprop=\"width\" content=\"480\" \/>\n\t\t\t<meta itemprop=\"height\" content=\"360\" \/>\n\t\t\t\t<a\n\t\t\thref=\"https:\/\/potting-ponjave.si\/wp-content\/uploads\/2020\/11\/IMG_20200924_112927.jpg\"\n\t\t\t\t\t\tdata-fancybox=\"images\" \n\t\t\ttitle=\"IMG_20200924_112927\" \n\t\t\t\t\t\tdata-caption=\"\"\n\t\t\t\t\t\tdata-description=\"\" \n\t\t\titemprop=\"contentUrl\"\n\t\t>\n\t\t<img src=\"https:\/\/potting-ponjave.si\/wp-content\/uploads\/2020\/11\/IMG_20200924_112927.jpg\" alt=\"\" data-no-lazy=\"1\" itemprop=\"thumbnail\" \/>\n\t\t\t<!-- Overlay Wrapper -->\n\t\t\t <!-- Overlay Wrapper Closed -->\n\t\t\t\t<\/a>\n\t\t\t\t\t\t\t<meta itemprop=\"width\" content=\"480\" \/>\n\t\t\t<meta itemprop=\"height\" content=\"360\" \/>\n\t\t\t\t<a\n\t\t\thref=\"https:\/\/potting-ponjave.si\/wp-content\/uploads\/2020\/11\/IMG_20200924_112937.jpg\"\n\t\t\t\t\t\tdata-fancybox=\"images\" \n\t\t\ttitle=\"IMG_20200924_112937\" \n\t\t\t\t\t\tdata-caption=\"\"\n\t\t\t\t\t\tdata-description=\"\" \n\t\t\titemprop=\"contentUrl\"\n\t\t>\n\t\t<img src=\"https:\/\/potting-ponjave.si\/wp-content\/uploads\/2020\/11\/IMG_20200924_112937.jpg\" alt=\"\" data-no-lazy=\"1\" itemprop=\"thumbnail\" \/>\n\t\t\t<!-- Overlay Wrapper -->\n\t\t\t <!-- Overlay Wrapper Closed -->\n\t\t\t\t<\/a>\n\t\t\t\t\t\t\t<meta itemprop=\"width\" content=\"480\" \/>\n\t\t\t<meta itemprop=\"height\" content=\"360\" \/>\n\t\t\t\t<a\n\t\t\thref=\"https:\/\/potting-ponjave.si\/wp-content\/uploads\/2020\/11\/jvcontainer-40-OT-2.jpg\"\n\t\t\t\t\t\tdata-fancybox=\"images\" \n\t\t\ttitle=\"jvcontainer-40-OT-2\" \n\t\t\t\t\t\tdata-caption=\"\"\n\t\t\t\t\t\tdata-description=\"\" \n\t\t\titemprop=\"contentUrl\"\n\t\t>\n\t\t<img src=\"https:\/\/potting-ponjave.si\/wp-content\/uploads\/2020\/11\/jvcontainer-40-OT-2.jpg\" alt=\"\" data-no-lazy=\"1\" itemprop=\"thumbnail\" \/>\n\t\t\t<!-- Overlay Wrapper -->\n\t\t\t <!-- Overlay Wrapper Closed -->\n\t\t\t\t<\/a>\n\t\t\t\t\t\t\t<meta itemprop=\"width\" content=\"640\" \/>\n\t\t\t<meta itemprop=\"height\" content=\"480\" \/>\n\t\t\t\t<a\n\t\t\thref=\"https:\/\/potting-ponjave.si\/wp-content\/uploads\/2019\/11\/95247cbb-ef7b-45cc-ba5b-df36e9d8ebfc.jpg\"\n\t\t\t\t\t\tdata-fancybox=\"images\" \n\t\t\ttitle=\"95247cbb-ef7b-45cc-ba5b-df36e9d8ebfc\" \n\t\t\t\t\t\tdata-caption=\"\"\n\t\t\t\t\t\tdata-description=\"\" \n\t\t\titemprop=\"contentUrl\"\n\t\t>\n\t\t<img src=\"https:\/\/potting-ponjave.si\/wp-content\/uploads\/2019\/11\/95247cbb-ef7b-45cc-ba5b-df36e9d8ebfc.jpg\" alt=\"\" data-no-lazy=\"1\" itemprop=\"thumbnail\" \/>\n\t\t\t<!-- Overlay Wrapper -->\n\t\t\t <!-- Overlay Wrapper Closed -->\n\t\t\t\t<\/a>\n\t\t\t\t\t\t\t<meta itemprop=\"width\" content=\"543\" \/>\n\t\t\t<meta itemprop=\"height\" content=\"407\" \/>\n\t\t\t\t<a\n\t\t\thref=\"https:\/\/potting-ponjave.si\/wp-content\/uploads\/2019\/11\/379d88c8-07e5-4d5b-8f70-a8b167a77cdb.jpg\"\n\t\t\t\t\t\tdata-fancybox=\"images\" \n\t\t\ttitle=\"379d88c8-07e5-4d5b-8f70-a8b167a77cdb\" \n\t\t\t\t\t\tdata-caption=\"\"\n\t\t\t\t\t\tdata-description=\"\" \n\t\t\titemprop=\"contentUrl\"\n\t\t>\n\t\t<img src=\"https:\/\/potting-ponjave.si\/wp-content\/uploads\/2019\/11\/379d88c8-07e5-4d5b-8f70-a8b167a77cdb.jpg\" alt=\"\" data-no-lazy=\"1\" itemprop=\"thumbnail\" \/>\n\t\t\t<!-- Overlay Wrapper -->\n\t\t\t <!-- Overlay Wrapper Closed -->\n\t\t\t\t<\/a>\n\t\t\t\t\t\t\t<meta itemprop=\"width\" content=\"488\" \/>\n\t\t\t<meta itemprop=\"height\" content=\"407\" \/>\n\t\t\t\t<a\n\t\t\thref=\"https:\/\/potting-ponjave.si\/wp-content\/uploads\/2020\/11\/container_cover_-3.png\"\n\t\t\t\t\t\tdata-fancybox=\"images\" \n\t\t\ttitle=\"container_cover_\" \n\t\t\t\t\t\tdata-caption=\"\"\n\t\t\t\t\t\tdata-description=\"\" \n\t\t\titemprop=\"contentUrl\"\n\t\t>\n\t\t<img src=\"https:\/\/potting-ponjave.si\/wp-content\/uploads\/2020\/11\/container_cover_-3.png\" alt=\"\" data-no-lazy=\"1\" itemprop=\"thumbnail\" \/>\n\t\t\t<!-- Overlay Wrapper -->\n\t\t\t <!-- Overlay Wrapper Closed -->\n\t\t\t\t<\/a>\n\t\t\t\t\t\t\t<meta itemprop=\"width\" content=\"481\" \/>\n\t\t\t<meta itemprop=\"height\" content=\"400\" \/>\n\t\t\t\t<a\n\t\t\thref=\"https:\/\/potting-ponjave.si\/wp-content\/uploads\/2019\/11\/9b3817bb-d90f-4aee-958c-135959a9165c.jpg\"\n\t\t\t\t\t\tdata-fancybox=\"images\" \n\t\t\ttitle=\"9b3817bb-d90f-4aee-958c-135959a9165c\" \n\t\t\t\t\t\tdata-caption=\"\"\n\t\t\t\t\t\tdata-description=\"\" \n\t\t\titemprop=\"contentUrl\"\n\t\t>\n\t\t<img src=\"https:\/\/potting-ponjave.si\/wp-content\/uploads\/2019\/11\/9b3817bb-d90f-4aee-958c-135959a9165c.jpg\" alt=\"\" data-no-lazy=\"1\" itemprop=\"thumbnail\" \/>\n\t\t\t<!-- Overlay Wrapper -->\n\t\t\t <!-- Overlay Wrapper Closed -->\n\t\t\t\t<\/a>\n\t\t\t\t\t\t\t<meta itemprop=\"width\" content=\"559\" \/>\n\t\t\t<meta itemprop=\"height\" content=\"407\" \/>\n\t","protected":false},"excerpt":{"rendered":"<p>BEH\u00c4LTERABDECKUNGEN Bei Potting sind wir auf die Herstellung von Planen f\u00fcr alle Arten von LKWs spezialisiert. In der Fertigung achten wir besonders auf die Qualit\u00e4t des Einbaumaterials und die Details der Produktion, was das Endprodukt perfekt macht. Bei jeder Bestellung bem\u00fchen wir uns die Anforderungen des Kunden detailliert zu beachten und bieten nur das Beste&hellip;<\/p>\n","protected":false},"author":1,"featured_media":0,"parent":0,"menu_order":0,"comment_status":"closed","ping_status":"closed","template":"","meta":[],"yoast_head":"<!-- This site is optimized with the Yoast SEO plugin v19.7.2 - https:\/\/yoast.com\/wordpress\/plugins\/seo\/ -->\n<title>Beh\u00e4lterabdeckungen - PONJAVE<\/title>\n<meta name=\"robots\" content=\"index, follow, max-snippet:-1, max-image-preview:large, max-video-preview:-1\" \/>\n<link rel=\"canonical\" href=\"https:\/\/potting-ponjave.si\/de\/behaelterabdeckungen\/\" \/>\n<meta property=\"og:locale\" content=\"de_DE\" \/>\n<meta property=\"og:type\" content=\"article\" \/>\n<meta property=\"og:title\" content=\"Beh\u00e4lterabdeckungen - PONJAVE\" \/>\n<meta property=\"og:description\" content=\"BEH\u00c4LTERABDECKUNGEN Bei Potting sind wir auf die Herstellung von Planen f\u00fcr alle Arten von LKWs spezialisiert. In der Fertigung achten wir besonders auf die Qualit\u00e4t des Einbaumaterials und die Details der Produktion, was das Endprodukt perfekt macht. Bei jeder Bestellung bem\u00fchen wir uns die Anforderungen des Kunden detailliert zu beachten und bieten nur das Beste&hellip;\" \/>\n<meta property=\"og:url\" content=\"https:\/\/potting-ponjave.si\/de\/behaelterabdeckungen\/\" \/>\n<meta property=\"og:site_name\" content=\"PONJAVE\" \/>\n<meta property=\"article:modified_time\" content=\"2020-11-20T18:04:46+00:00\" \/>\n<meta property=\"og:image\" content=\"https:\/\/potting-ponjave.si\/wp-content\/uploads\/2020\/10\/IMG_20190404_112908.jpg\" \/>\n<meta name=\"twitter:card\" content=\"summary_large_image\" \/>\n<meta name=\"twitter:label1\" content=\"Gesch\u00e4tzte Lesezeit\" \/>\n\t<meta name=\"twitter:data1\" content=\"1 Minute\" \/>\n<script type=\"application\/ld+json\" class=\"yoast-schema-graph\">{\"@context\":\"https:\/\/schema.org\",\"@graph\":[{\"@type\":\"WebPage\",\"@id\":\"https:\/\/potting-ponjave.si\/de\/behaelterabdeckungen\/\",\"url\":\"https:\/\/potting-ponjave.si\/de\/behaelterabdeckungen\/\",\"name\":\"Beh\u00e4lterabdeckungen - PONJAVE\",\"isPartOf\":{\"@id\":\"https:\/\/potting-ponjave.si\/de\/#website\"},\"datePublished\":\"2020-11-20T15:47:05+00:00\",\"dateModified\":\"2020-11-20T18:04:46+00:00\",\"breadcrumb\":{\"@id\":\"https:\/\/potting-ponjave.si\/de\/behaelterabdeckungen\/#breadcrumb\"},\"inLanguage\":\"de-DE\",\"potentialAction\":[{\"@type\":\"ReadAction\",\"target\":[\"https:\/\/potting-ponjave.si\/de\/behaelterabdeckungen\/\"]}]},{\"@type\":\"BreadcrumbList\",\"@id\":\"https:\/\/potting-ponjave.si\/de\/behaelterabdeckungen\/#breadcrumb\",\"itemListElement\":[{\"@type\":\"ListItem\",\"position\":1,\"name\":\"Home\",\"item\":\"https:\/\/potting-ponjave.si\/de\/\"},{\"@type\":\"ListItem\",\"position\":2,\"name\":\"Beh\u00e4lterabdeckungen\"}]},{\"@type\":\"WebSite\",\"@id\":\"https:\/\/potting-ponjave.si\/de\/#website\",\"url\":\"https:\/\/potting-ponjave.si\/de\/\",\"name\":\"PONJAVE\",\"description\":\"CERADE ZA VSE NAMENE\",\"potentialAction\":[{\"@type\":\"SearchAction\",\"target\":{\"@type\":\"EntryPoint\",\"urlTemplate\":\"https:\/\/potting-ponjave.si\/de\/?s={search_term_string}\"},\"query-input\":\"required name=search_term_string\"}],\"inLanguage\":\"de-DE\"}]}<\/script>\n<!-- \/ Yoast SEO plugin. -->","yoast_head_json":{"title":"Beh\u00e4lterabdeckungen - PONJAVE","robots":{"index":"index","follow":"follow","max-snippet":"max-snippet:-1","max-image-preview":"max-image-preview:large","max-video-preview":"max-video-preview:-1"},"canonical":"https:\/\/potting-ponjave.si\/de\/behaelterabdeckungen\/","og_locale":"de_DE","og_type":"article","og_title":"Beh\u00e4lterabdeckungen - PONJAVE","og_description":"BEH\u00c4LTERABDECKUNGEN Bei Potting sind wir auf die Herstellung von Planen f\u00fcr alle Arten von LKWs spezialisiert. In der Fertigung achten wir besonders auf die Qualit\u00e4t des Einbaumaterials und die Details der Produktion, was das Endprodukt perfekt macht. Bei jeder Bestellung bem\u00fchen wir uns die Anforderungen des Kunden detailliert zu beachten und bieten nur das Beste&hellip;","og_url":"https:\/\/potting-ponjave.si\/de\/behaelterabdeckungen\/","og_site_name":"PONJAVE","article_modified_time":"2020-11-20T18:04:46+00:00","og_image":[{"url":"https:\/\/potting-ponjave.si\/wp-content\/uploads\/2020\/10\/IMG_20190404_112908.jpg"}],"twitter_card":"summary_large_image","twitter_misc":{"Gesch\u00e4tzte Lesezeit":"1 Minute"},"schema":{"@context":"https:\/\/schema.org","@graph":[{"@type":"WebPage","@id":"https:\/\/potting-ponjave.si\/de\/behaelterabdeckungen\/","url":"https:\/\/potting-ponjave.si\/de\/behaelterabdeckungen\/","name":"Beh\u00e4lterabdeckungen - PONJAVE","isPartOf":{"@id":"https:\/\/potting-ponjave.si\/de\/#website"},"datePublished":"2020-11-20T15:47:05+00:00","dateModified":"2020-11-20T18:04:46+00:00","breadcrumb":{"@id":"https:\/\/potting-ponjave.si\/de\/behaelterabdeckungen\/#breadcrumb"},"inLanguage":"de-DE","potentialAction":[{"@type":"ReadAction","target":["https:\/\/potting-ponjave.si\/de\/behaelterabdeckungen\/"]}]},{"@type":"BreadcrumbList","@id":"https:\/\/potting-ponjave.si\/de\/behaelterabdeckungen\/#breadcrumb","itemListElement":[{"@type":"ListItem","position":1,"name":"Home","item":"https:\/\/potting-ponjave.si\/de\/"},{"@type":"ListItem","position":2,"name":"Beh\u00e4lterabdeckungen"}]},{"@type":"WebSite","@id":"https:\/\/potting-ponjave.si\/de\/#website","url":"https:\/\/potting-ponjave.si\/de\/","name":"PONJAVE","description":"CERADE ZA VSE NAMENE","potentialAction":[{"@type":"SearchAction","target":{"@type":"EntryPoint","urlTemplate":"https:\/\/potting-ponjave.si\/de\/?s={search_term_string}"},"query-input":"required name=search_term_string"}],"inLanguage":"de-DE"}]}},"_links":{"self":[{"href":"https:\/\/potting-ponjave.si\/de\/wp-json\/wp\/v2\/pages\/1256"}],"collection":[{"href":"https:\/\/potting-ponjave.si\/de\/wp-json\/wp\/v2\/pages"}],"about":[{"href":"https:\/\/potting-ponjave.si\/de\/wp-json\/wp\/v2\/types\/page"}],"author":[{"embeddable":true,"href":"https:\/\/potting-ponjave.si\/de\/wp-json\/wp\/v2\/users\/1"}],"replies":[{"embeddable":true,"href":"https:\/\/potting-ponjave.si\/de\/wp-json\/wp\/v2\/comments?post=1256"}],"version-history":[{"count":9,"href":"https:\/\/potting-ponjave.si\/de\/wp-json\/wp\/v2\/pages\/1256\/revisions"}],"predecessor-version":[{"id":1537,"href":"https:\/\/potting-ponjave.si\/de\/wp-json\/wp\/v2\/pages\/1256\/revisions\/1537"}],"wp:attachment":[{"href":"https:\/\/potting-ponjave.si\/de\/wp-json\/wp\/v2\/media?parent=1256"}],"curies":[{"name":"wp","href":"https:\/\/api.w.org\/{rel}","templated":true}]}}