{"id":1242,"date":"2020-11-20T17:42:06","date_gmt":"2020-11-20T15:42:06","guid":{"rendered":"https:\/\/potting-ponjave.si\/?page_id=1242"},"modified":"2020-11-20T19:58:54","modified_gmt":"2020-11-20T17:58:54","slug":"industrie","status":"publish","type":"page","link":"https:\/\/potting-ponjave.si\/de\/industrie\/","title":{"rendered":"Industrie"},"content":{"rendered":"\n\t<h1>INDUSTRIE &#8211; INDUTEX<\/h1>\n\t<p>Wir bieten Komplettl\u00f6sungen im Bereich der technischen Textilien an. Wir begleiten Sie von der Idee bis zur endg\u00fcltigen Umsetzung.<\/p>\n<p>Planen oder technische Textilprodukte werden haupts\u00e4chlich zum Schutz vor verschiedenen Wettereinfl\u00fcssen, zum Schutz vor Staub, zum Windschutz, zur visuellen und akustischen Barriere, als Trennw\u00e4nde und unterschiedliche Transportverpackungen verwendet.<\/p>\n<p>Wir kooperieren mit verschiedenen Lieferanten von PVC-Planen. Nur so k\u00f6nnen wir dem Kunden das richtige Produkt aus einem geeigneten Material anbieten, damit das Produkt seinem Zweck am besten dient.<\/p>\n<p>Ein besonderes Segment im Industriebau sind schnell montierbare und zerlegbare Konstruktionen. Lagerzelte sind immer gefragter, da sie viel g\u00fcnstiger als herk\u00f6mmliche Bauten sind und bei gr\u00f6\u00dferem Platzbedarf problemlos erweitert werden k\u00f6nnen.<\/p>\n<p>Wir verf\u00fcgen \u00fcber alle notwendigen Kenntnisse und Technologien, um auch gr\u00f6\u00dfere und anspruchsvollere Kunden sachkundig und qualit\u00e4tsgem\u00e4\u00df bedienen zu k\u00f6nnen.<\/p>\n\t\t\t\t<a\n\t\t\thref=\"https:\/\/potting-ponjave.si\/wp-content\/uploads\/2019\/11\/f638b3f5-a1d6-4f9c-b246-5f2579215868-1.jpg\"\n\t\t\t\t\t\tdata-fancybox=\"images\" \n\t\t\ttitle=\"f638b3f5-a1d6-4f9c-b246-5f2579215868\" \n\t\t\t\t\t\tdata-caption=\"\"\n\t\t\t\t\t\tdata-description=\"\" \n\t\t\titemprop=\"contentUrl\"\n\t\t>\n\t\t<img src=\"https:\/\/potting-ponjave.si\/wp-content\/uploads\/2019\/11\/f638b3f5-a1d6-4f9c-b246-5f2579215868-1.jpg\" alt=\"\" data-no-lazy=\"1\" itemprop=\"thumbnail\" \/>\n\t\t\t<!-- Overlay Wrapper -->\n\t\t\t <!-- Overlay Wrapper Closed -->\n\t\t\t\t<\/a>\n\t\t\t\t\t\t\t<meta itemprop=\"width\" content=\"685\" \/>\n\t\t\t<meta itemprop=\"height\" content=\"407\" \/>\n\t\t\t\t<a\n\t\t\thref=\"https:\/\/potting-ponjave.si\/wp-content\/uploads\/2019\/11\/9da0940a-289a-4c66-a4c1-b195e9be94d8.jpg\"\n\t\t\t\t\t\tdata-fancybox=\"images\" \n\t\t\ttitle=\"9da0940a-289a-4c66-a4c1-b195e9be94d8\" \n\t\t\t\t\t\tdata-caption=\"\"\n\t\t\t\t\t\tdata-description=\"\" \n\t\t\titemprop=\"contentUrl\"\n\t\t>\n\t\t<img src=\"https:\/\/potting-ponjave.si\/wp-content\/uploads\/2019\/11\/9da0940a-289a-4c66-a4c1-b195e9be94d8.jpg\" alt=\"\" data-no-lazy=\"1\" itemprop=\"thumbnail\" \/>\n\t\t\t<!-- Overlay Wrapper -->\n\t\t\t <!-- Overlay Wrapper Closed -->\n\t\t\t\t<\/a>\n\t\t\t\t\t\t\t<meta itemprop=\"width\" content=\"685\" \/>\n\t\t\t<meta itemprop=\"height\" content=\"407\" \/>\n\t\t\t\t<a\n\t\t\thref=\"https:\/\/potting-ponjave.si\/wp-content\/uploads\/2019\/11\/930f5c0a-b73e-4837-bdcd-18d25cd24d0b.jpg\"\n\t\t\t\t\t\tdata-fancybox=\"images\" \n\t\t\ttitle=\"930f5c0a-b73e-4837-bdcd-18d25cd24d0b\" \n\t\t\t\t\t\tdata-caption=\"\"\n\t\t\t\t\t\tdata-description=\"\" \n\t\t\titemprop=\"contentUrl\"\n\t\t>\n\t\t<img src=\"https:\/\/potting-ponjave.si\/wp-content\/uploads\/2019\/11\/930f5c0a-b73e-4837-bdcd-18d25cd24d0b.jpg\" alt=\"\" data-no-lazy=\"1\" itemprop=\"thumbnail\" \/>\n\t\t\t<!-- Overlay Wrapper -->\n\t\t\t <!-- Overlay Wrapper Closed -->\n\t\t\t\t<\/a>\n\t\t\t\t\t\t\t<meta itemprop=\"width\" content=\"549\" \/>\n\t\t\t<meta itemprop=\"height\" content=\"407\" \/>\n\t\t\t\t<a\n\t\t\thref=\"https:\/\/potting-ponjave.si\/wp-content\/uploads\/2019\/11\/cf378a37-dccb-4ded-bb9c-acdfe82fe241.jpg\"\n\t\t\t\t\t\tdata-fancybox=\"images\" \n\t\t\ttitle=\"cf378a37-dccb-4ded-bb9c-acdfe82fe241\" \n\t\t\t\t\t\tdata-caption=\"\"\n\t\t\t\t\t\tdata-description=\"\" \n\t\t\titemprop=\"contentUrl\"\n\t\t>\n\t\t<img src=\"https:\/\/potting-ponjave.si\/wp-content\/uploads\/2019\/11\/cf378a37-dccb-4ded-bb9c-acdfe82fe241.jpg\" alt=\"\" data-no-lazy=\"1\" itemprop=\"thumbnail\" \/>\n\t\t\t<!-- Overlay Wrapper -->\n\t\t\t <!-- Overlay Wrapper Closed -->\n\t\t\t\t<\/a>\n\t\t\t\t\t\t\t<meta itemprop=\"width\" content=\"549\" \/>\n\t\t\t<meta itemprop=\"height\" content=\"407\" \/>\n\t\t\t\t<a\n\t\t\thref=\"https:\/\/potting-ponjave.si\/wp-content\/uploads\/2019\/11\/53f5e631-7c5d-43f9-b2b6-3ee94e2ccd29.jpg\"\n\t\t\t\t\t\tdata-fancybox=\"images\" \n\t\t\ttitle=\"53f5e631-7c5d-43f9-b2b6-3ee94e2ccd29\" \n\t\t\t\t\t\tdata-caption=\"\"\n\t\t\t\t\t\tdata-description=\"\" \n\t\t\titemprop=\"contentUrl\"\n\t\t>\n\t\t<img src=\"https:\/\/potting-ponjave.si\/wp-content\/uploads\/2019\/11\/53f5e631-7c5d-43f9-b2b6-3ee94e2ccd29.jpg\" alt=\"\" data-no-lazy=\"1\" itemprop=\"thumbnail\" \/>\n\t\t\t<!-- Overlay Wrapper -->\n\t\t\t <!-- Overlay Wrapper Closed -->\n\t\t\t\t<\/a>\n\t\t\t\t\t\t\t<meta itemprop=\"width\" content=\"543\" \/>\n\t\t\t<meta itemprop=\"height\" content=\"407\" \/>\n\t\t\t\t<a\n\t\t\thref=\"https:\/\/potting-ponjave.si\/wp-content\/uploads\/2019\/11\/a3105e6c-349e-4a05-b233-864dca720249.jpg\"\n\t\t\t\t\t\tdata-fancybox=\"images\" \n\t\t\ttitle=\"a3105e6c-349e-4a05-b233-864dca720249\" \n\t\t\t\t\t\tdata-caption=\"\"\n\t\t\t\t\t\tdata-description=\"\" \n\t\t\titemprop=\"contentUrl\"\n\t\t>\n\t\t<img src=\"https:\/\/potting-ponjave.si\/wp-content\/uploads\/2019\/11\/a3105e6c-349e-4a05-b233-864dca720249.jpg\" alt=\"\" data-no-lazy=\"1\" itemprop=\"thumbnail\" \/>\n\t\t\t<!-- Overlay Wrapper -->\n\t\t\t <!-- Overlay Wrapper Closed -->\n\t\t\t\t<\/a>\n\t\t\t\t\t\t\t<meta itemprop=\"width\" content=\"543\" \/>\n\t\t\t<meta itemprop=\"height\" content=\"407\" \/>\n\t\t\t\t<a\n\t\t\thref=\"https:\/\/potting-ponjave.si\/wp-content\/uploads\/2019\/11\/294e7401-a5d4-4a6e-8b96-7ee440fdcb13-1.jpg\"\n\t\t\t\t\t\tdata-fancybox=\"images\" \n\t\t\ttitle=\"294e7401-a5d4-4a6e-8b96-7ee440fdcb13\" \n\t\t\t\t\t\tdata-caption=\"\"\n\t\t\t\t\t\tdata-description=\"\" \n\t\t\titemprop=\"contentUrl\"\n\t\t>\n\t\t<img src=\"https:\/\/potting-ponjave.si\/wp-content\/uploads\/2019\/11\/294e7401-a5d4-4a6e-8b96-7ee440fdcb13-1.jpg\" alt=\"\" data-no-lazy=\"1\" itemprop=\"thumbnail\" \/>\n\t\t\t<!-- Overlay Wrapper -->\n\t\t\t <!-- Overlay Wrapper Closed -->\n\t\t\t\t<\/a>\n\t\t\t\t\t\t\t<meta itemprop=\"width\" content=\"543\" \/>\n\t\t\t<meta itemprop=\"height\" content=\"407\" \/>\n\t\t\t\t<a\n\t\t\thref=\"https:\/\/potting-ponjave.si\/wp-content\/uploads\/2019\/11\/1f0ed5a3-ef3e-4be9-b5d3-962984c03137-1.jpg\"\n\t\t\t\t\t\tdata-fancybox=\"images\" \n\t\t\ttitle=\"1f0ed5a3-ef3e-4be9-b5d3-962984c03137\" \n\t\t\t\t\t\tdata-caption=\"\"\n\t\t\t\t\t\tdata-description=\"\" \n\t\t\titemprop=\"contentUrl\"\n\t\t>\n\t\t<img src=\"https:\/\/potting-ponjave.si\/wp-content\/uploads\/2019\/11\/1f0ed5a3-ef3e-4be9-b5d3-962984c03137-1.jpg\" alt=\"\" data-no-lazy=\"1\" itemprop=\"thumbnail\" \/>\n\t\t\t<!-- Overlay Wrapper -->\n\t\t\t <!-- Overlay Wrapper Closed -->\n\t\t\t\t<\/a>\n\t\t\t\t\t\t\t<meta itemprop=\"width\" content=\"543\" \/>\n\t\t\t<meta itemprop=\"height\" content=\"407\" \/>\n\t","protected":false},"excerpt":{"rendered":"<p>INDUSTRIE &#8211; INDUTEX Wir bieten Komplettl\u00f6sungen im Bereich der technischen Textilien an. Wir begleiten Sie von der Idee bis zur endg\u00fcltigen Umsetzung. Planen oder technische Textilprodukte werden haupts\u00e4chlich zum Schutz vor verschiedenen Wettereinfl\u00fcssen, zum Schutz vor Staub, zum Windschutz, zur visuellen und akustischen Barriere, als Trennw\u00e4nde und unterschiedliche Transportverpackungen verwendet. Wir kooperieren mit verschiedenen Lieferanten&hellip;<\/p>\n","protected":false},"author":1,"featured_media":0,"parent":0,"menu_order":0,"comment_status":"closed","ping_status":"closed","template":"","meta":[],"yoast_head":"<!-- This site is optimized with the Yoast SEO plugin v19.7.2 - https:\/\/yoast.com\/wordpress\/plugins\/seo\/ -->\n<title>Industrie - PONJAVE<\/title>\n<meta name=\"robots\" content=\"index, follow, max-snippet:-1, max-image-preview:large, max-video-preview:-1\" \/>\n<link rel=\"canonical\" href=\"https:\/\/potting-ponjave.si\/de\/industrie\/\" \/>\n<meta property=\"og:locale\" content=\"de_DE\" \/>\n<meta property=\"og:type\" content=\"article\" \/>\n<meta property=\"og:title\" content=\"Industrie - PONJAVE\" \/>\n<meta property=\"og:description\" content=\"INDUSTRIE &#8211; INDUTEX Wir bieten Komplettl\u00f6sungen im Bereich der technischen Textilien an. Wir begleiten Sie von der Idee bis zur endg\u00fcltigen Umsetzung. Planen oder technische Textilprodukte werden haupts\u00e4chlich zum Schutz vor verschiedenen Wettereinfl\u00fcssen, zum Schutz vor Staub, zum Windschutz, zur visuellen und akustischen Barriere, als Trennw\u00e4nde und unterschiedliche Transportverpackungen verwendet. Wir kooperieren mit verschiedenen Lieferanten&hellip;\" \/>\n<meta property=\"og:url\" content=\"https:\/\/potting-ponjave.si\/de\/industrie\/\" \/>\n<meta property=\"og:site_name\" content=\"PONJAVE\" \/>\n<meta property=\"article:modified_time\" content=\"2020-11-20T17:58:54+00:00\" \/>\n<meta property=\"og:image\" content=\"https:\/\/potting-ponjave.si\/wp-content\/uploads\/2019\/11\/f638b3f5-a1d6-4f9c-b246-5f2579215868-1.jpg\" \/>\n<meta name=\"twitter:card\" content=\"summary_large_image\" \/>\n<meta name=\"twitter:label1\" content=\"Gesch\u00e4tzte Lesezeit\" \/>\n\t<meta name=\"twitter:data1\" content=\"1 Minute\" \/>\n<script type=\"application\/ld+json\" class=\"yoast-schema-graph\">{\"@context\":\"https:\/\/schema.org\",\"@graph\":[{\"@type\":\"WebPage\",\"@id\":\"https:\/\/potting-ponjave.si\/de\/industrie\/\",\"url\":\"https:\/\/potting-ponjave.si\/de\/industrie\/\",\"name\":\"Industrie - PONJAVE\",\"isPartOf\":{\"@id\":\"https:\/\/potting-ponjave.si\/de\/#website\"},\"datePublished\":\"2020-11-20T15:42:06+00:00\",\"dateModified\":\"2020-11-20T17:58:54+00:00\",\"breadcrumb\":{\"@id\":\"https:\/\/potting-ponjave.si\/de\/industrie\/#breadcrumb\"},\"inLanguage\":\"de-DE\",\"potentialAction\":[{\"@type\":\"ReadAction\",\"target\":[\"https:\/\/potting-ponjave.si\/de\/industrie\/\"]}]},{\"@type\":\"BreadcrumbList\",\"@id\":\"https:\/\/potting-ponjave.si\/de\/industrie\/#breadcrumb\",\"itemListElement\":[{\"@type\":\"ListItem\",\"position\":1,\"name\":\"Home\",\"item\":\"https:\/\/potting-ponjave.si\/de\/\"},{\"@type\":\"ListItem\",\"position\":2,\"name\":\"Industrie\"}]},{\"@type\":\"WebSite\",\"@id\":\"https:\/\/potting-ponjave.si\/de\/#website\",\"url\":\"https:\/\/potting-ponjave.si\/de\/\",\"name\":\"PONJAVE\",\"description\":\"CERADE ZA VSE NAMENE\",\"potentialAction\":[{\"@type\":\"SearchAction\",\"target\":{\"@type\":\"EntryPoint\",\"urlTemplate\":\"https:\/\/potting-ponjave.si\/de\/?s={search_term_string}\"},\"query-input\":\"required name=search_term_string\"}],\"inLanguage\":\"de-DE\"}]}<\/script>\n<!-- \/ Yoast SEO plugin. -->","yoast_head_json":{"title":"Industrie - PONJAVE","robots":{"index":"index","follow":"follow","max-snippet":"max-snippet:-1","max-image-preview":"max-image-preview:large","max-video-preview":"max-video-preview:-1"},"canonical":"https:\/\/potting-ponjave.si\/de\/industrie\/","og_locale":"de_DE","og_type":"article","og_title":"Industrie - PONJAVE","og_description":"INDUSTRIE &#8211; INDUTEX Wir bieten Komplettl\u00f6sungen im Bereich der technischen Textilien an. Wir begleiten Sie von der Idee bis zur endg\u00fcltigen Umsetzung. Planen oder technische Textilprodukte werden haupts\u00e4chlich zum Schutz vor verschiedenen Wettereinfl\u00fcssen, zum Schutz vor Staub, zum Windschutz, zur visuellen und akustischen Barriere, als Trennw\u00e4nde und unterschiedliche Transportverpackungen verwendet. Wir kooperieren mit verschiedenen Lieferanten&hellip;","og_url":"https:\/\/potting-ponjave.si\/de\/industrie\/","og_site_name":"PONJAVE","article_modified_time":"2020-11-20T17:58:54+00:00","og_image":[{"url":"https:\/\/potting-ponjave.si\/wp-content\/uploads\/2019\/11\/f638b3f5-a1d6-4f9c-b246-5f2579215868-1.jpg"}],"twitter_card":"summary_large_image","twitter_misc":{"Gesch\u00e4tzte Lesezeit":"1 Minute"},"schema":{"@context":"https:\/\/schema.org","@graph":[{"@type":"WebPage","@id":"https:\/\/potting-ponjave.si\/de\/industrie\/","url":"https:\/\/potting-ponjave.si\/de\/industrie\/","name":"Industrie - PONJAVE","isPartOf":{"@id":"https:\/\/potting-ponjave.si\/de\/#website"},"datePublished":"2020-11-20T15:42:06+00:00","dateModified":"2020-11-20T17:58:54+00:00","breadcrumb":{"@id":"https:\/\/potting-ponjave.si\/de\/industrie\/#breadcrumb"},"inLanguage":"de-DE","potentialAction":[{"@type":"ReadAction","target":["https:\/\/potting-ponjave.si\/de\/industrie\/"]}]},{"@type":"BreadcrumbList","@id":"https:\/\/potting-ponjave.si\/de\/industrie\/#breadcrumb","itemListElement":[{"@type":"ListItem","position":1,"name":"Home","item":"https:\/\/potting-ponjave.si\/de\/"},{"@type":"ListItem","position":2,"name":"Industrie"}]},{"@type":"WebSite","@id":"https:\/\/potting-ponjave.si\/de\/#website","url":"https:\/\/potting-ponjave.si\/de\/","name":"PONJAVE","description":"CERADE ZA VSE NAMENE","potentialAction":[{"@type":"SearchAction","target":{"@type":"EntryPoint","urlTemplate":"https:\/\/potting-ponjave.si\/de\/?s={search_term_string}"},"query-input":"required name=search_term_string"}],"inLanguage":"de-DE"}]}},"_links":{"self":[{"href":"https:\/\/potting-ponjave.si\/de\/wp-json\/wp\/v2\/pages\/1242"}],"collection":[{"href":"https:\/\/potting-ponjave.si\/de\/wp-json\/wp\/v2\/pages"}],"about":[{"href":"https:\/\/potting-ponjave.si\/de\/wp-json\/wp\/v2\/types\/page"}],"author":[{"embeddable":true,"href":"https:\/\/potting-ponjave.si\/de\/wp-json\/wp\/v2\/users\/1"}],"replies":[{"embeddable":true,"href":"https:\/\/potting-ponjave.si\/de\/wp-json\/wp\/v2\/comments?post=1242"}],"version-history":[{"count":3,"href":"https:\/\/potting-ponjave.si\/de\/wp-json\/wp\/v2\/pages\/1242\/revisions"}],"predecessor-version":[{"id":1532,"href":"https:\/\/potting-ponjave.si\/de\/wp-json\/wp\/v2\/pages\/1242\/revisions\/1532"}],"wp:attachment":[{"href":"https:\/\/potting-ponjave.si\/de\/wp-json\/wp\/v2\/media?parent=1242"}],"curies":[{"name":"wp","href":"https:\/\/api.w.org\/{rel}","templated":true}]}}