{"id":1162,"date":"2020-11-04T13:54:36","date_gmt":"2020-11-04T11:54:36","guid":{"rendered":"https:\/\/potting-ponjave.si\/zuhause\/"},"modified":"2026-04-14T12:12:21","modified_gmt":"2026-04-14T10:12:21","slug":"zuhause","status":"publish","type":"page","link":"https:\/\/potting-ponjave.si\/de\/","title":{"rendered":"Zuhause"},"content":{"rendered":"\n\n\t<h1><strong>POTTING &#8211; Planenherstellung<\/strong><\/h1>\n\t\t\t\t<img src=\"https:\/\/potting-ponjave.si\/wp-content\/plugins\/bb-plugin\/img\/pixel.png\" alt=\"\" itemprop=\"image\" onerror=\"this.style.display='none'\"  \/>\n\t\t<h3>\n\t\t\tPLANEN F\u00dcR ALLE ZWECKE\n\t\t<\/h3>\n\t\t\t<p>Angebot unserer Firma<\/p>\t\t\n\t\t<ul>\n\t\t\t\t\t<li>\n\t\t\t\t\t<a href=\"https:\/\/potting-ponjave.si\/de\/transport-2\/\" target=\"_self\" rel=\"noopener\">\n\t\t\t\t<h3>TRANSPORT-PLANEN<\/h3>\n\t\tBei Potting sind wir auf die Herstellung von Planen f\u00fcr alle Arten von LKWs spezialisiert. In der Fertigung achten wir besonders auf die Qualit\u00e4t des Einbaumaterials und die Details der Produktion, was das Endprodukt perfekt macht.\t\t\t\n\t<\/a>\n\t\t\t<\/li>\n\t\t\t\t<\/ul>\n\t\t<ul>\n\t\t\t\t\t<li>\n\t\t\t\t\t<a href=\"https:\/\/potting-ponjave.si\/oglasevanje\/\" target=\"_self\" rel=\"noopener\">\n\t\t\t\t<h3>PLANEN F\u00dcR WERBEZWECKE<\/h3>\n\t\t<ul><li><p>Klassische Werbetransparente<\/p><\/li><li> Gro\u00dfformatige Werbetafeln<\/li><li>Folienbeklebung <\/li><\/ul>\t\t\t\n\t<\/a>\n\t\t\t<\/li>\n\t\t\t\t<\/ul>\n\t\t<ul>\n\t\t\t\t\t<li>\n\t\t\t\t\t<a href=\"https:\/\/potting-ponjave.si\/de\/zelte\/\" target=\"_self\" rel=\"noopener\">\n\t\t\t\t<h3>ZELTE<\/h3>\n\t\tEine gro\u00dfe Auswahl an Zelten f\u00fcr Events, Sportveranstaltungen und andere Gro\u00dfereignisse.\t\t\t\n\t<\/a>\n\t\t\t<\/li>\n\t\t\t\t<\/ul>\n\t\t<ul>\n\t\t\t\t\t<li>\n\t\t\t\t\t<a href=\"https:\/\/potting-ponjave.si\/de\/industrie-2\/\" target=\"_self\" rel=\"noopener\">\n\t\t\t\t<h3>PLANEN F\u00dcR INDUSTRIE<\/h3>\n\t\tPlanen oder Technische Textilprodukte werden haupts\u00e4chlich zum Schutz vor verschiedenen Wettereinfl\u00fcssen, zum Schutz vor Staub, zum Windschutz, als visuelle Barrieren und Schalld\u00e4mpfungen, als Trennw\u00e4nde und unterschiedliche Transportverpackungen verwendet.\t\t\t\n\t<\/a>\n\t\t\t<\/li>\n\t\t\t\t<\/ul>\n\t\t<ul>\n\t\t\t\t\t<li>\n\t\t\t\t\t<a href=\"https:\/\/potting-ponjave.si\/de\/landwirtschaft\/\" target=\"_self\" rel=\"noopener\">\n\t\t\t\t<h3>PLANEN F\u00dcR LANDWIRTSCHAFT<\/h3>\n\t\t<ul><li>Planen zum Abdecken von Futter und Silage<\/li><li>Planen zum Abdecken von Holz<\/li><li>Planen f\u00fcr landwirtschaftliche Maschinen<\/li><li>Wir montieren Hagelnetz-Systeme aus PVC<\/li><li>und vieles mehr<\/li><\/ul>\t\t\t\n\t<\/a>\n\t\t\t<\/li>\n\t\t\t\t<\/ul>\n\t\t<ul>\n\t\t\t\t\t<li>\n\t\t\t\t\t<a href=\"https:\/\/potting-ponjave.si\/hoby-in-prosti-cas\/\" target=\"_self\" rel=\"noopener\">\n\t\t\t\t<h3>PLANEN F\u00dcR FREIZEIT<\/h3>\n\t\t<ul><li>\u00dcberdachungen und Windschutz<\/li><li>Markisen\n<\/li><li>Schattensegel<\/li><li>Sport- und Schutzmatratzen\n<\/li><\/ul>\t\t\t\n\t<\/a>\n\t\t\t<\/li>\n\t\t\t\t<\/ul>\n\t\t\t<img loading='false' src=\"https:\/\/potting-ponjave.si\/wp-content\/uploads\/2019\/08\/b2939885-ca9d-4f1a-9816-1e380000d584.png\" alt=\"\" \/><a href=\"#\" target=\"_self\" aria-label=\"PLANEN F\u00dcR ALLE ZWECKE\" rel=\"noopener\"><\/a>\t\t\t\n\t\t\t<img loading='false' src=\"https:\/\/potting-ponjave.si\/wp-content\/uploads\/2019\/08\/80bc6e25-2447-424f-97e9-77afd8f35738.png\" alt=\"\" \/><a href=\"#\" target=\"_self\" aria-label=\"PLANEN F\u00dcR ALLE ZWECKE\" rel=\"noopener\"><\/a>\t\t\t\n\t\t\t<img loading='false' src=\"https:\/\/potting-ponjave.si\/wp-content\/uploads\/2019\/08\/e8552e69-6baa-4538-a321-cc24d7497a33.png\" alt=\"\" \/><a href=\"#\" target=\"_self\" aria-label=\"PLANEN F\u00dcR ALLE ZWECKE\" rel=\"noopener\"><\/a>\t\t\t\n\t\t\t<img loading='false' src=\"https:\/\/potting-ponjave.si\/wp-content\/uploads\/2019\/08\/1e3dbb19-2ed0-40b4-80d6-2bc8c32aad6d.png\" alt=\"\" \/><a href=\"#\" target=\"_self\" aria-label=\"PLANEN F\u00dcR ALLE ZWECKE\" rel=\"noopener\"><\/a>\t\t\t\n\t\t\t<img loading='false' src=\"https:\/\/potting-ponjave.si\/wp-content\/uploads\/2019\/08\/be4cf1b7-7daf-4436-9cb1-2135b8ece45c.png\" alt=\"\" \/><a href=\"#\" target=\"_self\" aria-label=\"PLANEN F\u00dcR ALLE ZWECKE\" rel=\"noopener\"><\/a>\t\t\t\n\t\t\t<img loading='false' src=\"https:\/\/potting-ponjave.si\/wp-content\/uploads\/2019\/08\/3da07a7b-5b5f-4260-bed0-1cfa485407ea.png\" alt=\"\" \/><a href=\"#\" target=\"_self\" aria-label=\"PLANEN F\u00dcR ALLE ZWECKE\" rel=\"noopener\"><\/a>\t\t\t\n\t\t\t<img loading='false' src=\"https:\/\/potting-ponjave.si\/wp-content\/uploads\/2019\/08\/0c55a3ee-4d44-4929-a057-47aeb99e992c.png\" alt=\"\" \/><a href=\"#\" target=\"_self\" aria-label=\"\" rel=\"noopener\"><\/a>\t\t\t\n\t\t\t<img loading='false' src=\"https:\/\/potting-ponjave.si\/wp-content\/uploads\/2019\/08\/a3e0b477-4d9d-41b5-95a4-667c8c3c2c9d.png\" alt=\"\" \/><a href=\"#\" target=\"_self\" aria-label=\"PLANEN F\u00dcR ALLE ZWECKE\" rel=\"noopener\"><\/a>\t\t\t\n\t\t<h3>\n\t\t\tPOTTING &#8211; Planenherstellung\n\t\t<\/h3>\n\t\t\tV podjetju Potting smo specializirani za izvedbo ponjav, prav za vse vrste tovornih vozil. Pri  Izdelovanju pa posve\u010damo posebno pozornost kakovosti vgradnega materiala in detajlom izdelave, ki kon\u010dni izdelek naredijo popoln.\nPri vsakem naro\u010dilu se trudimo podrobno prilagoditi naro\u010dnikovim zahtevam in ponuditi le najbolj\u0161e z veliko izbiro najrazli\u010dnej\u0161ih vgradnih komponent. S tem se pribli\u017eamo unikatnosti in ustreznosti izdelka za vsakega kupca posebej. Na\u0161e ponjave so sestavljene iz visoko trdnih poliestrskih tkanin pri katerih je posebnost, da imajo minimalno raztezno vrednost, najnovej\u0161a tehnologija premazov pa zagotavlja visoko obstojnost barvnih odtenkov ponjave.\t\t\n\t\t<h3>\n\t\t\tSchutzplanen\n\t\t<\/h3>\n\t\t\tWir f\u00fchren Schutzplanen f\u00fcr Neufahrzeuge als erste Installation oder als Renovierungen \u00e4lterer Fahrzeuge und Anh\u00e4nger durch. Planen sind auch ein \u00e4u\u00dferst interessantes und haltbares Werbemedium, weshalb viele Unternehmen sie als Werbefl\u00e4che nutzen, da sie im Bezug auf Zeitstabilit\u00e4t und ihre Mobilit\u00e4t eine einzigartige und g\u00fcnstige Art der Werbung darstellen.\nWir verf\u00fcgen \u00fcber alle erforderlichen Technologien und Kenntnisse, um eine Vielzahl von Grafiken auf LKW-Planen durchzuf\u00fchren. F\u00fcr einfache Formen von Beschriftungen verwenden wir die klassische Siebdrucktechnik, mit der wir \u00fcber 15 Jahre Haltbarkeit erzielen. F\u00fcr Farbfotografie und komplexere Designs verwenden wir einen l\u00f6sungsmittelhaltigen Digitaldrucker mit \u00e4u\u00dferst haltbaren Farben. Einen zus\u00e4tzlichen Schutz erhalten wir mit starken UV-best\u00e4ndigen Lackierungen.\t\t\n\t\t<h3>\n\t\t\tIndustrie &#8211; Indutex\n\t\t<\/h3>\n\t\t\tWir bieten Komplettl\u00f6sungen im Bereich der technischen Textilien an. Wir begleiten Sie von der Idee bis zur endg\u00fcltigen Umsetzung.\nPlanen oder technische Textilprodukte werden haupts\u00e4chlich zum Schutz vor verschiedenen Wettereinfl\u00fcssen, zum Schutz vor Staub, zum Windschutz, zur visuellen und akustischen Barriere, als Trennw\u00e4nde und unterschiedliche Transportverpackungen verwendet.\nWir kooperieren mit verschiedenen Lieferanten von PVC-Planen. Nur so k\u00f6nnen wir dem Kunden das richtige Produkt aus einem geeigneten Material anbieten, damit das Produkt seinem Zweck am besten dient.\nEin besonderes Segment im Industriebau sind schnell montierbare und zerlegbare Konstruktionen. Lagerzelte sind immer gefragter, da sie viel g\u00fcnstiger als herk\u00f6mmliche Bauten sind und bei gr\u00f6\u00dferem Platzbedarf problemlos erweitert werden k\u00f6nnen.\nWir verf\u00fcgen \u00fcber alle notwendigen Kenntnisse und Technologien, um auch gr\u00f6\u00dfere und anspruchsvollere Kunden sachkundig und qualit\u00e4tsgem\u00e4\u00df bedienen zu k\u00f6nnen.\t\t\n\t\t<h3>\n\t\t\tTransport &#8211; Transtex\n\t\t<\/h3>\n\t\t\tBei Potting sind wir auf die Herstellung von Planen f\u00fcr alle Arten von LKWs spezialisiert. In der Fertigung achten wir besonders auf die Qualit\u00e4t des Einbaumaterials und die Details der Produktion, was das Endprodukt perfekt macht.\nBei jeder Bestellung bem\u00fchen wir uns die Anforderungen des Kunden detailliert zu beachten und bieten nur das Beste mit einer gro\u00dfen Auswahl verschiedener Einbaukomponenten an. Somit kommen wir den Einzigartigkeiten und Eigenschaften des Produkts f\u00fcr jeden Kunden individuell entgegen. \nUnsere Planen bestehen aus hochfesten Polyestergeweben, die sich durch einen minimalen Dehnungswert auszeichnen. Die neueste Beschichtungstechnologie gew\u00e4hrleistet eine hohe Haltbarkeit der Farbt\u00f6ne der Plane.\nWir f\u00fchren Schutzplanen f\u00fcr Neufahrzeuge als erste Installation oder als Renovierungen \u00e4lterer Fahrzeuge und Anh\u00e4nger durch. \nPlanen sind auch ein \u00e4u\u00dferst interessantes und haltbares Werbemedium, weshalb viele Unternehmen sie als Werbefl\u00e4che nutzen, da sie im Bezug auf Zeitstabilit\u00e4t und ihre Mobilit\u00e4t eine einzigartige und g\u00fcnstige Art der Werbung darstellen.\nWir verf\u00fcgen \u00fcber alle erforderlichen Technologien und Kenntnisse, um eine Vielzahl von Grafiken auf LKW-Planen durchzuf\u00fchren. F\u00fcr einfache Formen von Beschriftungen verwenden wir die klassische Siebdrucktechnik. F\u00fcr Farbfotografie und komplexere Designs verwenden wir einen l\u00f6sungsmittelhaltigen Digitaldrucker mit \u00e4u\u00dferst haltbaren Farben. Einen zus\u00e4tzlichen Schutz erhalten wir mit starken UV-best\u00e4ndigen Lackierungen.\t\t\n\t\t<h3>\n\t\t\tMEMBRAN-ABDECKUNGEN F\u00dcR VERSCHIEDENE KONSTRUKTIONEN\n\t\t<\/h3>\n\t\t\tDie Firma Potting ist ein spezialisiertes Unternehmen f\u00fcr die Planung, Implementierung und Montage aller Arten von Membrand\u00e4chern f\u00fcr verschiedene Arten von Konstruktionen bzw. Objekten. Wir arbeiten mit f\u00fchrenden Unternehmen auf dem Gebiet der Lieferung von Industriezelten und -hallen, mit Auftragnehmern f\u00fcr aufblasbare Membrananlagen und mit Monteuren von vorgespannten Membrand\u00e4chern und verschiedenen Sonnensegeln zusammen. Wir liefern Membrand\u00e4cher f\u00fcr die Abdeckung von Trib\u00fcnen und Mietzelten. Wir produzieren und montieren Fassadengrafiken. Unser Vorteil sind vor allem Erfahrungen mit der Abdeckung von verschiedenen Konstruktionen. POTTING-Planen werden nach den h\u00f6chsten europ\u00e4ischen Standards hergestellt. Wir beraten und unterst\u00fctzen unsere Kunden von dem ersten Kontakt (Nachfrage) bis zur (Post-) Implementierung der Montage. Wir verfolgen die gegenw\u00e4rtigen Standards und Ans\u00e4tze auf dem Gebiet und f\u00fchren sie in unsere Projektarbeit ein. Unser Team besteht aus Experten, die in ihren T\u00e4tigkeitsbereichen zertifiziert sind.\nAlle Planen und Membranabdeckungen auf Bestellung werden mit einer unterst\u00fctzenden Schnittmappe hergestellt. Wir haben auch typm\u00e4\u00dfige (standardisierte) industrielle Schutzabdeckungen.\nWir arbeiten bei der Entwicklung neuer Arten von Membran\u00fcberz\u00fcgen mit europ\u00e4ischen Herstellern technischer Textilien zusammen.\nUnsere eigene Produktion, die unterst\u00fctzende Schnittsoftware, unsere eigene mechanische Ausr\u00fcstung f\u00fcr Planenverarbeitung, die Erfahrungen auf dem Gebiet der PVC-Leinwandverarbeitung und unser langj\u00e4hriges erfahrenes Mitarbeiterteam erm\u00f6glichen es uns Lieferanten von Membranprodukten selbst f\u00fcr die anspruchsvollsten europ\u00e4ischen Kunden zu sein.\t\t\n\t\t<h3>\n\t\t\tUnsere Stammkunden sehen unseren Vorteil vor allem in:\n\t\t<\/h3>\n\t<p> Strikte Einhaltung der vereinbarten Umsetzungsfristen<\/p>\n<p> Garantierte und zertifizierte Qualit\u00e4t der Produkte und Einbaumaterialien<\/p>\n<p> Flexibilit\u00e4t, Schnelligkeit, Konkurrenzf\u00e4higkeit<\/p>\n<p> Eigene Produktion &#8211; ein Vorteil bei der Entwicklung, Testierung und Beratung hinsichtlich der Verwendbarkeit und Funktionalit\u00e4t eines neuen Membranprodukts.<\/p>\n<p> Innovatives Team, das Herausforderungen als Arbeitsmotivation ansieht.<\/p>\n<p>Langj\u00e4hrige Erfahrung in allen Bereichen technischer Membranen.<\/p>\n<p>Internationales Serviceteam.<\/p>\n\t\t<h3>\n\t\t\tNachrichten\n\t\t<\/h3>\nNeueste Nachrichten aus unserem Unternehmen\t\t\n\t\t<p> Entschuldigung, wir haben keine Aufzeichnungen gefunden.<\/p>\n\t\t\t\t<form aria-label=\"Suchen\" method=\"get\" role=\"search\" action=\"https:\/\/potting-ponjave.si\/de\/\" title=\"Suchbegriff hier eingeben ...\">\n\t<input aria-label=\"Suchen\" type=\"search\" name=\"s\" placeholder=\"Suche\"  value=\"\" onfocus=\"if (this.value === 'Suche') { this.value = ''; }\" onblur=\"if (this.value === '') this.value='Suche';\" \/>\n<\/form>\n\t\t<h3>\n\t\t\t Anfrage \n\t\t<\/h3>\n\t\t\tSenden Sie uns eine Nachricht und wir werden Ihnen so schnell wie m\u00f6glich antworten!\t\t\n\t<a href=\"https:\/\/potting-ponjave.si\/de\/kontakt\/\" target=\"_self\" role=\"button\" aria-label=\" SENDEN SIE EINE ANFRAGE\" rel=\"noopener\">\n\t\t\t\t\t\t SENDEN SIE EINE ANFRAGE\n\t\t\t\t\t<\/a>\n\t<a href=\"tel:+38613204473\" target=\"_blank\" role=\"button\" rel=\"noopener\" aria-label=\"ANRUF\">\n\t\t\t\t\t\tANRUF\n\t\t\t\t\t<\/a>\n\t\t<h3>\n\t\t\t Firmeninformation\n\t\t<\/h3>\n\t\t\tDie wichtigsten Informationen unseres Unternehmens\t\t\n\t\t<h5>\n\t\t\tTITEL\n\t\t<\/h5>\n\t\t\t<p>Cesta dveh cesarjev 393, 1000 Ljubljana, Slowenien<\/p>\t\t\n\t\t<h5>\n\t\t\t TELEFON\n\t\t<\/h5>\n\t\t\t<p><a href=\"tel:+38613204473\">+386 (0)1 320 44 73<\/a>, <a href=\"tel:+38631543756\">+386 (0)31 543 756<\/a><\/p>\t\t\n\t\t<h5>\n\t\t\t EMAIL\n\t\t<\/h5>\n\t\t\t<p><a href=\"mailto:matija@potting.si\">matija@potting.si<\/a><\/p>\t\t\n\t\t<h5>\n\t\t\t ARBEITSZEIT\n\t\t<\/h5>\n\t\t\t<ul><li><strong>Montag:<\/strong> 7:00 &#8211; 15:00<\/li><li><strong>Dienstag:<\/strong> 7:00 &#8211; 15:00<\/li><li><strong>Mittwoch:<\/strong> 7:00 &#8211; 15:00<\/li><li><strong>Donnerstag:<\/strong> 7:00 &#8211; 15:00<\/li><li><strong>Freitag:<\/strong> 7:00 &#8211; 15:00<\/li><li><strong>Samstag:<\/strong> nach vorheriger Vereinbarung<\/li><\/ul>\t\t\n\t\t<h3>\n\t\t\tNachfrage\n\t\t<\/h3>\n\t\t\tSenden Sie uns eine Nachricht und wir werden Ihnen gerne so schnell wie m\u00f6glich antworten!\t\t\n<form>\n\t<input type=\"hidden\" name=\"fl-layout-id\" value=\"1162\" \/>\n    \t\t<label for=\"pp-name-\"> Name und Nachname<\/label>\n    \t\tBitte gib Deinen Namen ein.\n    \t\t<input type=\"text\" name=\"pp-name\" id=\"pp-name-\" value=\"\"  \/>\n    \t\t<label for=\"pp-email-\">Email<\/label>\n    \t\tBitte gib eine valide E-Mail Adresse an.\n    \t\t<input type=\"email\" name=\"pp-email\" id=\"pp-email-\" value=\"\"  \/>\n    \t\t<label for=\"pp-phone-\">Telefon<\/label>\n    \t\tBitte gib eine g\u00fcltige Telefonnummer an.\n    \t\t<input type=\"tel\" name=\"pp-phone\" id=\"pp-phone-\" value=\"\"  \/>\n    \t\t<label for=\"pp-message-\"> Botschaft<\/label>\n    \t\tPlease type your message.\n    \t\t<textarea name=\"pp-message\" id=\"pp-message-\"><\/textarea>\n    \t<a href=\"#\" target=\"_self\" role=\"button\" rel=\"noopener\">\n    \t\t    \t\t    \t\tSENDEN\n    \t\t    \t\t    \t<\/a>\n\t\t\tMessage failed. Please try again.\n<\/form>\n  Vielen Dank f\u00fcr die Nachricht, wir werden Ihnen so schnell wie m\u00f6glich antworten!\n\t<iframe src=\"https:\/\/www.google.com\/maps\/embed\/v1\/place?q=Cesta+dveh+Cesarjev+393%2C+1000+Ljubljana%2C+Slowenien&#038;key=AIzaSyD09zQ9PNDNNy9TadMuzRV_UsPUoWKntt8\" aria-hidden=\"true\"><\/iframe>\n\n","protected":false},"excerpt":{"rendered":"<p>POTTING &#8211; Planenherstellung PLANEN F\u00dcR ALLE ZWECKE Angebot unserer Firma TRANSPORT-PLANEN Bei Potting sind wir auf die Herstellung von Planen f\u00fcr alle Arten von LKWs spezialisiert. In der Fertigung achten wir besonders auf die Qualit\u00e4t des Einbaumaterials und die Details der Produktion, was das Endprodukt perfekt macht. PLANEN F\u00dcR WERBEZWECKE Klassische Werbetransparente Gro\u00dfformatige Werbetafeln Folienbeklebung&hellip;<\/p>\n","protected":false},"author":1,"featured_media":0,"parent":0,"menu_order":1,"comment_status":"closed","ping_status":"closed","template":"","meta":[],"yoast_head":"<!-- This site is optimized with the Yoast SEO plugin v19.7.2 - https:\/\/yoast.com\/wordpress\/plugins\/seo\/ -->\n<title>PLANEN F\u00dcR ALLE ZWECKE<\/title>\n<meta name=\"robots\" content=\"index, follow, max-snippet:-1, max-image-preview:large, max-video-preview:-1\" \/>\n<link rel=\"canonical\" href=\"https:\/\/potting-ponjave.si\/de\/\" \/>\n<meta property=\"og:locale\" content=\"de_DE\" \/>\n<meta property=\"og:type\" content=\"article\" \/>\n<meta property=\"og:title\" content=\"PLANEN F\u00dcR ALLE ZWECKE\" \/>\n<meta property=\"og:description\" content=\"POTTING &#8211; Planenherstellung PLANEN F\u00dcR ALLE ZWECKE Angebot unserer Firma TRANSPORT-PLANEN Bei Potting sind wir auf die Herstellung von Planen f\u00fcr alle Arten von LKWs spezialisiert. In der Fertigung achten wir besonders auf die Qualit\u00e4t des Einbaumaterials und die Details der Produktion, was das Endprodukt perfekt macht. PLANEN F\u00dcR WERBEZWECKE Klassische Werbetransparente Gro\u00dfformatige Werbetafeln Folienbeklebung&hellip;\" \/>\n<meta property=\"og:url\" content=\"https:\/\/potting-ponjave.si\/de\/\" \/>\n<meta property=\"og:site_name\" content=\"PONJAVE\" \/>\n<meta property=\"article:modified_time\" content=\"2026-04-14T10:12:21+00:00\" \/>\n<meta property=\"og:image\" content=\"https:\/\/potting-ponjave.si\/wp-content\/plugins\/bb-plugin\/img\/pixel.png\" \/>\n<meta name=\"twitter:card\" content=\"summary_large_image\" \/>\n<meta name=\"twitter:label1\" content=\"Gesch\u00e4tzte Lesezeit\" \/>\n\t<meta name=\"twitter:data1\" content=\"6 Minuten\" \/>\n<script type=\"application\/ld+json\" class=\"yoast-schema-graph\">{\"@context\":\"https:\/\/schema.org\",\"@graph\":[{\"@type\":\"WebPage\",\"@id\":\"https:\/\/potting-ponjave.si\/de\/\",\"url\":\"https:\/\/potting-ponjave.si\/de\/\",\"name\":\"PLANEN F\u00dcR ALLE ZWECKE\",\"isPartOf\":{\"@id\":\"https:\/\/potting-ponjave.si\/de\/#website\"},\"datePublished\":\"2020-11-04T11:54:36+00:00\",\"dateModified\":\"2026-04-14T10:12:21+00:00\",\"breadcrumb\":{\"@id\":\"https:\/\/potting-ponjave.si\/de\/#breadcrumb\"},\"inLanguage\":\"de-DE\",\"potentialAction\":[{\"@type\":\"ReadAction\",\"target\":[\"https:\/\/potting-ponjave.si\/de\/\"]}]},{\"@type\":\"BreadcrumbList\",\"@id\":\"https:\/\/potting-ponjave.si\/de\/#breadcrumb\",\"itemListElement\":[{\"@type\":\"ListItem\",\"position\":1,\"name\":\"Home\",\"item\":\"https:\/\/potting-ponjave.si\/de\/\"},{\"@type\":\"ListItem\",\"position\":2,\"name\":\"Zuhause\"}]},{\"@type\":\"WebSite\",\"@id\":\"https:\/\/potting-ponjave.si\/de\/#website\",\"url\":\"https:\/\/potting-ponjave.si\/de\/\",\"name\":\"PONJAVE\",\"description\":\"CERADE ZA VSE NAMENE\",\"potentialAction\":[{\"@type\":\"SearchAction\",\"target\":{\"@type\":\"EntryPoint\",\"urlTemplate\":\"https:\/\/potting-ponjave.si\/de\/?s={search_term_string}\"},\"query-input\":\"required name=search_term_string\"}],\"inLanguage\":\"de-DE\"}]}<\/script>\n<!-- \/ Yoast SEO plugin. -->","yoast_head_json":{"title":"PLANEN F\u00dcR ALLE ZWECKE","robots":{"index":"index","follow":"follow","max-snippet":"max-snippet:-1","max-image-preview":"max-image-preview:large","max-video-preview":"max-video-preview:-1"},"canonical":"https:\/\/potting-ponjave.si\/de\/","og_locale":"de_DE","og_type":"article","og_title":"PLANEN F\u00dcR ALLE ZWECKE","og_description":"POTTING &#8211; Planenherstellung PLANEN F\u00dcR ALLE ZWECKE Angebot unserer Firma TRANSPORT-PLANEN Bei Potting sind wir auf die Herstellung von Planen f\u00fcr alle Arten von LKWs spezialisiert. In der Fertigung achten wir besonders auf die Qualit\u00e4t des Einbaumaterials und die Details der Produktion, was das Endprodukt perfekt macht. PLANEN F\u00dcR WERBEZWECKE Klassische Werbetransparente Gro\u00dfformatige Werbetafeln Folienbeklebung&hellip;","og_url":"https:\/\/potting-ponjave.si\/de\/","og_site_name":"PONJAVE","article_modified_time":"2026-04-14T10:12:21+00:00","og_image":[{"url":"https:\/\/potting-ponjave.si\/wp-content\/plugins\/bb-plugin\/img\/pixel.png"}],"twitter_card":"summary_large_image","twitter_misc":{"Gesch\u00e4tzte Lesezeit":"6 Minuten"},"schema":{"@context":"https:\/\/schema.org","@graph":[{"@type":"WebPage","@id":"https:\/\/potting-ponjave.si\/de\/","url":"https:\/\/potting-ponjave.si\/de\/","name":"PLANEN F\u00dcR ALLE ZWECKE","isPartOf":{"@id":"https:\/\/potting-ponjave.si\/de\/#website"},"datePublished":"2020-11-04T11:54:36+00:00","dateModified":"2026-04-14T10:12:21+00:00","breadcrumb":{"@id":"https:\/\/potting-ponjave.si\/de\/#breadcrumb"},"inLanguage":"de-DE","potentialAction":[{"@type":"ReadAction","target":["https:\/\/potting-ponjave.si\/de\/"]}]},{"@type":"BreadcrumbList","@id":"https:\/\/potting-ponjave.si\/de\/#breadcrumb","itemListElement":[{"@type":"ListItem","position":1,"name":"Home","item":"https:\/\/potting-ponjave.si\/de\/"},{"@type":"ListItem","position":2,"name":"Zuhause"}]},{"@type":"WebSite","@id":"https:\/\/potting-ponjave.si\/de\/#website","url":"https:\/\/potting-ponjave.si\/de\/","name":"PONJAVE","description":"CERADE ZA VSE NAMENE","potentialAction":[{"@type":"SearchAction","target":{"@type":"EntryPoint","urlTemplate":"https:\/\/potting-ponjave.si\/de\/?s={search_term_string}"},"query-input":"required name=search_term_string"}],"inLanguage":"de-DE"}]}},"_links":{"self":[{"href":"https:\/\/potting-ponjave.si\/de\/wp-json\/wp\/v2\/pages\/1162"}],"collection":[{"href":"https:\/\/potting-ponjave.si\/de\/wp-json\/wp\/v2\/pages"}],"about":[{"href":"https:\/\/potting-ponjave.si\/de\/wp-json\/wp\/v2\/types\/page"}],"author":[{"embeddable":true,"href":"https:\/\/potting-ponjave.si\/de\/wp-json\/wp\/v2\/users\/1"}],"replies":[{"embeddable":true,"href":"https:\/\/potting-ponjave.si\/de\/wp-json\/wp\/v2\/comments?post=1162"}],"version-history":[{"count":9,"href":"https:\/\/potting-ponjave.si\/de\/wp-json\/wp\/v2\/pages\/1162\/revisions"}],"predecessor-version":[{"id":1948,"href":"https:\/\/potting-ponjave.si\/de\/wp-json\/wp\/v2\/pages\/1162\/revisions\/1948"}],"wp:attachment":[{"href":"https:\/\/potting-ponjave.si\/de\/wp-json\/wp\/v2\/media?parent=1162"}],"curies":[{"name":"wp","href":"https:\/\/api.w.org\/{rel}","templated":true}]}}